{"id":13,"date":"2012-03-23T13:53:06","date_gmt":"2012-03-23T12:53:06","guid":{"rendered":"http:\/\/monteagudo.info\/web\/?page_id=13"},"modified":"2019-11-28T15:00:36","modified_gmt":"2019-11-28T14:00:36","slug":"historia","status":"publish","type":"page","link":"https:\/\/monteagudo.info\/web\/secciones\/historia\/","title":{"rendered":"Historia"},"content":{"rendered":"<p style=\"text-align: justify;\">El nombre de Monteagudo viene dado por la existencia del monte que se yergue majestuoso dominando toda la vega y que, seg\u00fan Robert Pocklington, es un top\u00f3nimo que aparece en fuentes \u00e1rabes desde el siglo XI bajo las graf\u00edas Muntaq\u00fcd, y en textos castellanos como Montagut \u00f3 Montagudo en la Baja Edad M\u00e9dia, y Monteagudo en tiempos modernos, procediendo, a trav\u00e9s del moz\u00e1rabe, del lat\u00edn \u00abMonte Acutum\u201d (el monte agudo).<\/p>\n<p><strong>PREHISTORIA<\/strong><\/p>\n<p style=\"text-align: justify;\">Dada su situaci\u00f3n estrat\u00e9gica el cabezo de Monteagudo fue objeto de ocupaci\u00f3n desde tiempos muy primitivos como demuestran los restos de una necr\u00f3polis arg\u00e1rica (a\u00f1os 1700-1200 a.C.), as\u00ed como de utensilios prehist\u00f3ricos de la Edad de Bronce (brazaletes de bronce, cuchillos de silex, punzones, vasijas). Posteriormente parece probada la existencia de una ciudad ib\u00e9rica a trav\u00e9s de los restos de cenizas, osamentas, sepulturas de urnas esf\u00e9ricas, sillares, construcciones y cer\u00e1mica, enumerados por Gonz\u00e1lez Simancas.<\/p>\n<p><strong>\u00c9POCA ROMANA<\/strong><\/p>\n<p style=\"text-align: justify;\">Tambi\u00e9n queda demostrada la presencia romana a trav\u00e9s de las monedas del Emperador Augusto, la calzada romana y los restos de viviendas encontradas en dicho lugar, lleg\u00e1ndose a plantear por Berm\u00fadez, Amador de los R\u00edos y Belda Navarro que en este monte existi\u00f3 una villa romana en la que se construy\u00f3 un acueducto, siendo, como se\u00f1ala Belmonte Mar\u00edn, paso obligado en la v\u00eda romana que comunicaba Cartagena con Fortuna. En este sentido, Abelardo Merino, presum\u00eda que \u201c&#8230; a los pies de este enorme pe\u00f1asco hubo una ciudad antigua en el Campillo, acaso destruida en las contiendas de bizantinos y godos\u201d.<\/p>\n<p><strong>\u00c9POCA ISL\u00c1MICA<\/strong><\/p>\n<p style=\"text-align: justify;\">Con la llegada de los musulmanes el lugar adquirir\u00e1 gran importancia al construirse un conjunto de fortalezas que constitu\u00edan una l\u00ednea defensiva destinada a proteger toda la vega murciana y los distintos caminos que un\u00edan Murcia con Orihuela. Dicha l\u00ednea estaba conformada por los castillos de Monteagudo, el Castellar, Castillar \u00f3 Castillejo, y el de Alharache, Alabrach \u00f3 Larache. Seg\u00fan el profesor Torres Fontes, las primeras noticias que tenemos del castillo de Monteagudo datan del a\u00f1o 1078-1079 en que, al ser destronado el reyezuelo de Murcia Abu Abderramen Ibn Tahir por Ibn Ammar, visir del rey al-Mutamid de Sevilla, fue encarcelado en dicho castillo. En el siglo XII Muhammad Ibn Sad Ibn Mardanix (1147-1171), conocido por los cristianos como el rey Lobo, mand\u00f3 construir las estructuras que actualmente conocemos. Posteriormente, en los inicios del siglo XIII, el poeta cartagenero Abu-l-Hasam Hazim al-Qartayanmi nos describe esta fortaleza que denomina Montacud, as\u00ed como la de Hissn-ul-farach \u00f3 Hins al-Faray (\u201ccasa de recreo y de labor\u201d), que puede ser el de Larache, aunque otros autores lo hacen derivar de Alarich (\u201chuerto de flores y jard\u00edn\u201d), y que parece ser fue residencia de la familia real. Con respecto al Castellar, esta construcci\u00f3n tambi\u00e9n data de la \u00e9poca del rey Lobo.<\/p>\n<p><strong>\u00c9POCA CRISTIANA<\/strong><\/p>\n<p style=\"text-align: justify;\">Tras la conquista de Murcia por los cristianos el castillo de Monteagudo fue residencia por cortos periodos de tiempo del rey Alfonso X el Sabio, como demuestran los documentos fechados en este lugar en diferentes d\u00edas del mes de junio de 1.257. En la tercera partici\u00f3n de la huerta y campo de Murcia realizada el a\u00f1o 1268, la fortaleza con sus vi\u00f1as y tierras de secano (conjunto con mas de 600 tahullas) pasar\u00e1 como donad\u00edo a la reina do\u00f1a Violante, aunque, como consecuencia de la rebeld\u00eda de la reina, el Real de Monteagudo volvi\u00f3 a la Corona, asign\u00e1ndose a su custodia un alcaide real. Posteriormente, siendo rey Sacho IV, pas\u00f3 a ser propiedad de do\u00f1a Mar\u00eda de Molina, hasta que Fernando IV se lo cede al Obispo de Cartagena que toma posesi\u00f3n de la fortaleza en 1.321. Poco tiempo despu\u00e9s, dada su importancia estrat\u00e9gica, pasar\u00e1 nuevamente a poder real, constituy\u00e9ndose, seg\u00fan Torres Fontes, en el baluarte que controlaba las incursiones oriolanas en la huerta murciana, siendo tambi\u00e9n un instrumento decisivo en las luchas que se produjeron en el reino de Murcia en los a\u00f1os 1448 y 1449 , cuando Juan Ide Navarra ocup\u00f3 la ciudad de Murcia, aunque tuvo que abandonarla cuando las huestes del Condestable Luna y el Adelantado Mayor del Reino Don Pedro Fajardo ocuparon el castillo de Monteagudo.<\/p>\n<p style=\"text-align: justify;\">Unida a esa importancia militar y estrat\u00e9gica, las cr\u00f3nicas medievales nos dan cuenta de la existencia a extramuros del castillo, en la falda del cerro que da a mediod\u00eda, de una importante ciudad con el mismo nombre, si bien tras la conquista de Granada y la uni\u00f3n de Castilla y Arag\u00f3n con los Reyes Cat\u00f3licos se llega a la desaparici\u00f3n de la inseguridad reinante en este territorio, y, por tanto, al abandono de la fortaleza, de la que fue su \u00faltimo alcaide Don Juan Chac\u00f3n, muerto en 1503. Consecuencia de todo ello es tambi\u00e9n la decadencia de la ciudad, que qued\u00f3 reducida a un peque\u00f1o caser\u00edo.<\/p>\n<p style=\"text-align: justify;\">Desde tiempos medievales era venerada la \u00abEstampa\u00bb de la Virgen de la Antigua, advocaci\u00f3n mariana que toma su nombre de su antig\u00fcedad.<\/p>\n<p style=\"text-align: justify;\">La Virgen ten\u00eda su ermita a los pies del Castillo. Mas tarde se plasmar\u00eda en imagen de talla. En el S. XVIII, se introduce en el lugar la devoci\u00f3n a San Cayetano, santo italiano del S XVI, que es considerado por la Iglesia como el Padre de la Providencia. San Cayetano ten\u00eda una ermita, pero la gran afluencia de fieles devotos del santo, en 1711, se comienza a construir el antiguo templo parroquial, quedando la ermita de San Cayetano convertida en capilla en el interior del templo, dedicado a la Virgen de la Antigua, tal como figura en el archivo parroquial.<\/p>\n<p style=\"text-align: justify;\">En este mismo siglo Monteagudo tiene la consideraci\u00f3n de lugar de realengo con alcalde ped\u00e1neo. Posteriormente, en el denominado Trienio Liberal (1820-1823), conformar\u00e1 su propio ayuntamiento, aunque esta situaci\u00f3n dur\u00f3 poco tiempo, pasando a depender nuevamente del municipio de Murcia. Concretamente en el R. Decreto de 21 de abril de 1834, por el que se realiza la subdivisi\u00f3n provincial de juzgados de primera instancia, en Murcia se incluye el Esparragal y la Diputaci\u00f3n de Monteagudo.<\/p>\n<p style=\"text-align: justify;\">A mediados del siglo XIX Pascual Madoz nos deja constancia de que Monteagudo tiene 240 casas, en las que residen 380 vecinos (928 almas); una Iglesia bajo la advocaci\u00f3n de Ntra. Sra. De la Antigua que es aneja de la parroquia del Esparragal, con un gran arraigo de las fistas patronales de San Cayetano. Sus tierras eran casi todas de moreral de riego de excelente calidad, regadas por las acequias de Churra la Nueva, Zaraiche, Azarbe del Merancho y por el Azarbe de Monteagudo, contando en algunas de sus colinas con plantaciones de \u201cnopales\u201d que producen gran cantidad de higos chumbos. Adem\u00e1s de \u00e9ste \u00faltimo producto tambi\u00e9n se constata el cultivo de trigo, ma\u00edz, hortalizas y pimientos, siendo importante su producci\u00f3n de seda.<\/p>\n<p><strong>\u00c9POCA MODERNA<\/strong><\/p>\n<p style=\"text-align: justify;\">En el presente siglo se constata un continuo crecimiento poblacional, pas\u00e1ndose de los 1.600 vecinos del a\u00f1o 1900 a los 4.758 habitantes de 1960. Este incremento se mantiene hasta 1970, a\u00f1o en el que solo constan 3.075 habitantes, pudi\u00e9ndose deber este descenso a la remodelaci\u00f3n de los l\u00edmites de la pedan\u00eda, en la que el nomenclator de 1960 inclu\u00eda una entidad singular denominada Zarandona que no aparece en el de 1970. A partir de \u00e9ste \u00faltimo a\u00f1o las cifras de poblaci\u00f3n se estabilizan en torno a los 3.600 habitantes. Concretamente en la \u00faltima renovaci\u00f3n padronal realizada en 1996 figuran inscritos 3.658 vecinos, que se distribuyen entre los n\u00facleos de poblaci\u00f3n de Monteagudo, La Cueva, Las Lumbreras y el diseminado de la Huerta de Monteagudo. El sector de actividad que mayor poblaci\u00f3n ocupa es el comercio y la hosteler\u00eda, seguido de otros servicios, industria manufacturera, construcci\u00f3n y agricultura, destacando en este \u00faltimo sector el predominio de las plantaciones de limonero y naranjo, presentando tambi\u00e9n una especializaci\u00f3n en cultivos de hortalizas (acelga, lechuga, tomate, jud\u00eda verde), denot\u00e1ndose un enorme retroceso en los cultivos tradicionales de ma\u00edz y alfalfa.<\/p>\n<p style=\"text-align: justify;\">Cuando hablamos de Monteagudo no podemos dejar de mencionar una singular construcci\u00f3n que desde principios del presente siglo caracteriza a esta pedan\u00eda: la imagen del Sagrado Coraz\u00f3n de Jesus. La primitiva construcci\u00f3n fue inaugurada el 31 de octubre de 1926, siendo su peso de 20 toneladas. Estaba conformada por el Cristo con los brazos abiertos, las im\u00e1genes de San Francisco de As\u00eds y de San Francisco Javier, dos indios en actitud de oraci\u00f3n y un relieve de Santa Mar\u00eda de Alcoque en el pedestal. Fue demolida por acuerdo municipal de 11 de septiembre de 1936, aunque el relieve de la Virgen se conserv\u00f3. La actual imagen, alzada en el mismo centro del castillo, fue inaugurada el 28 de octubre de 1951.<\/p>\n<p style=\"text-align: justify;\">En 1989, el templo parroquial se cerr\u00f3 por ruina debida a problemas de cimentaci\u00f3n. Fue demolido en 1997, conserv\u00e1ndose s\u00f3lo la capilla de San Cayetano, convertida de nuevo en ermita. El nuevo templo parroquial, de traza moderna, se inagur\u00f3 en 1999.<\/p>\n","protected":false},"excerpt":{"rendered":"<p style=\"text-align: justify;\">El nombre de Monteagudo viene dado por la existencia del monte que se yergue majestuoso dominando toda la vega y que, seg\u00fan Robert Pocklington, es un top\u00f3nimo que aparece en fuentes \u00e1rabes desde el siglo XI bajo las graf\u00edas Muntaq\u00fcd, y en textos castellanos como Montagut \u00f3 Montagudo en la Baja Edad M\u00e9dia, &hellip; <\/p>\n<p><a class=\"more-link btn\" href=\"https:\/\/monteagudo.info\/web\/secciones\/historia\/\">Seguir leyendo<\/a><\/p>\n","protected":false},"author":1,"featured_media":0,"parent":57,"menu_order":3,"comment_status":"closed","ping_status":"closed","template":"","meta":{"footnotes":""},"class_list":["post-13","page","type-page","status-publish","hentry","nodate","item-wrap"],"jetpack_sharing_enabled":true,"_links":{"self":[{"href":"https:\/\/monteagudo.info\/web\/wp-json\/wp\/v2\/pages\/13","targetHints":{"allow":["GET"]}}],"collection":[{"href":"https:\/\/monteagudo.info\/web\/wp-json\/wp\/v2\/pages"}],"about":[{"href":"https:\/\/monteagudo.info\/web\/wp-json\/wp\/v2\/types\/page"}],"author":[{"embeddable":true,"href":"https:\/\/monteagudo.info\/web\/wp-json\/wp\/v2\/users\/1"}],"replies":[{"embeddable":true,"href":"https:\/\/monteagudo.info\/web\/wp-json\/wp\/v2\/comments?post=13"}],"version-history":[{"count":7,"href":"https:\/\/monteagudo.info\/web\/wp-json\/wp\/v2\/pages\/13\/revisions"}],"predecessor-version":[{"id":4351,"href":"https:\/\/monteagudo.info\/web\/wp-json\/wp\/v2\/pages\/13\/revisions\/4351"}],"up":[{"embeddable":true,"href":"https:\/\/monteagudo.info\/web\/wp-json\/wp\/v2\/pages\/57"}],"wp:attachment":[{"href":"https:\/\/monteagudo.info\/web\/wp-json\/wp\/v2\/media?parent=13"}],"curies":[{"name":"wp","href":"https:\/\/api.w.org\/{rel}","templated":true}]}}