{"id":17,"date":"2012-03-23T13:53:59","date_gmt":"2012-03-23T12:53:59","guid":{"rendered":"http:\/\/monteagudo.info\/web\/?page_id=17"},"modified":"2019-02-05T19:26:43","modified_gmt":"2019-02-05T18:26:43","slug":"fiestas-y-costumbres","status":"publish","type":"page","link":"https:\/\/monteagudo.info\/web\/secciones\/fiestas-y-costumbres\/","title":{"rendered":"Fiestas y Costumbres"},"content":{"rendered":"<p><strong>Fiestas:<\/strong><\/p>\n<p><strong>17 de enero<\/strong>, <span style=\"text-decoration: underline;\">San Ant\u00f3n<\/span>. En el domingo siguiente a la onom\u00e1stica y tras la tradicional misa en la que se bendicen los animales se celebran sendas convivencias. Una en el Parque Natural de los Polvorines, donde era tradici\u00f3n entre los j\u00f3venes untar la cara con azulete como s\u00edmbolo de buena suerte. La otra se celebra en La Cueva, frente al Centro de Mayores, donde los vecinos procesionan y vitorean la imagen de San Ant\u00f3n. Los vecinos de ambos pueblos se re\u00fanen con sus familias y amigos y almuerzan carne a la brasa y arroz a la le\u00f1a.<\/p>\n<p><strong>\u00daltimo fin de semana de Junio<\/strong>, Virgen de los Corazones. <span style=\"text-decoration: underline;\">Actos en honor a la patrona de Las Lumbreras.<\/span><\/p>\n<p><strong>7 de Agosto<\/strong>, San Cayetano. <span style=\"text-decoration: underline;\">Fiestas patronales de Monteagudo<\/span>.<\/p>\n<p><strong>7 de octubre<\/strong>, Virgen del Rosario. <span style=\"text-decoration: underline;\">Fiestas patronales de La Cueva<\/span>.<\/p>\n<p>&nbsp;<\/p>\n<p><a title=\"Semana Santa de Monteagudo\" href=\"https:\/\/monteagudo.info\/web\/?page_id=244\"><strong>Semana Santa de Monteagudo<\/strong><\/a><\/p>\n<p>&nbsp;<\/p>\n<p><strong>Costumbres:\u00a0<\/strong><\/p>\n<p><strong>Dia de Navidad<\/strong>: es costumbre, desde hace siglos, que el Ni\u00f1o Jes\u00fas que porta la imagen de la Virgen de la Antigua, visite todas las casas de la localidad, felicitando las navidades, y regalando el calendario parroquial.<\/p>\n<p><strong>En la v\u00edspera de Reyes<\/strong>, los padres de los ni\u00f1os entregan los regalos de sus hijos, para que en la noche, unos vecinos disfrazados de Reyes Magos, vayan de casa en casa entregando los regalos a los m\u00e1s peque\u00f1os, alimentando sus ilusiones.<\/p>\n<p><strong>El 17 de Enero<\/strong>, se celebra San Ant\u00f3n. Las gentes y visitantes acuden al Parque Natural de los Polvorines, para hacer sus paellas en comunidad, y disfrutar de un d\u00eda de campo. Se bendicen los animales, y es costumbre, desde hace varias d\u00e9cadas, que los m\u00e1s j\u00f3venes se unten la cara con azulete.<\/p>\n<p><strong>El 30 de Abril<\/strong>, a las doce de la noche, las rondallas cantan los MAYOS, ante la imagen de la Virgen de la Antigua. Unos d\u00edas despu\u00e9s, el 3 de Mayo, se celebra una misa huertana en la plaza de La Cruz del barrio del Collado, donde se viste la cruz con flores.<\/p>\n<p><strong>En Junio<\/strong>, coincidiendo con la festividad del Coraz\u00f3n de Jes\u00fas, se celebra la marcha peregrinaci\u00f3n al monumento del Sagrado Coraz\u00f3n, que se inicia desde Murcia, para terminar en el castillo, donde est\u00e1 el monumento, con una misa celebrada por el Obispo de la Di\u00f3cesis.<\/p>\n<p>En las\u00a0<strong>fiestas de Agosto<\/strong>\u00a0cabe destacar: la antiqu\u00edsima costumbre de comer sand\u00edas; el novenario en honor del Patr\u00f3n, San Cayetano; las veladas musicales; la alborada de cohetes para despertar a los vecinos el d\u00eda 7 de Agosto; las promesas de peregrinos que acuden a visitar a San Cayetano; y la concurrida procesi\u00f3n con San Cayetano y la Virgen de la Antigua, donde los vendedores de \u00abcascaruja\u00bb arrojan paladas de \u00abtorraos\u00bb al trono del Patr\u00f3n, pidiendo su intercesi\u00f3n; y el castillo de fuegos artificiales disparado desde la fortaleza.<\/p>\n","protected":false},"excerpt":{"rendered":"<p>Fiestas:<\/p>\n<p>17 de enero, San Ant\u00f3n. En el domingo siguiente a la onom\u00e1stica y tras la tradicional misa en la que se bendicen los animales se celebran sendas convivencias. Una en el Parque Natural de los Polvorines, donde era tradici\u00f3n entre los j\u00f3venes untar la cara con azulete como s\u00edmbolo de buena suerte. La otra &hellip; <\/p>\n<p><a class=\"more-link btn\" href=\"https:\/\/monteagudo.info\/web\/secciones\/fiestas-y-costumbres\/\">Seguir leyendo<\/a><\/p>\n","protected":false},"author":1,"featured_media":0,"parent":57,"menu_order":5,"comment_status":"closed","ping_status":"closed","template":"","meta":{"footnotes":""},"class_list":["post-17","page","type-page","status-publish","hentry","nodate","item-wrap"],"jetpack_sharing_enabled":true,"_links":{"self":[{"href":"https:\/\/monteagudo.info\/web\/wp-json\/wp\/v2\/pages\/17","targetHints":{"allow":["GET"]}}],"collection":[{"href":"https:\/\/monteagudo.info\/web\/wp-json\/wp\/v2\/pages"}],"about":[{"href":"https:\/\/monteagudo.info\/web\/wp-json\/wp\/v2\/types\/page"}],"author":[{"embeddable":true,"href":"https:\/\/monteagudo.info\/web\/wp-json\/wp\/v2\/users\/1"}],"replies":[{"embeddable":true,"href":"https:\/\/monteagudo.info\/web\/wp-json\/wp\/v2\/comments?post=17"}],"version-history":[{"count":7,"href":"https:\/\/monteagudo.info\/web\/wp-json\/wp\/v2\/pages\/17\/revisions"}],"predecessor-version":[{"id":4100,"href":"https:\/\/monteagudo.info\/web\/wp-json\/wp\/v2\/pages\/17\/revisions\/4100"}],"up":[{"embeddable":true,"href":"https:\/\/monteagudo.info\/web\/wp-json\/wp\/v2\/pages\/57"}],"wp:attachment":[{"href":"https:\/\/monteagudo.info\/web\/wp-json\/wp\/v2\/media?parent=17"}],"curies":[{"name":"wp","href":"https:\/\/api.w.org\/{rel}","templated":true}]}}