{"id":1862,"date":"2013-10-21T15:16:03","date_gmt":"2013-10-21T13:16:03","guid":{"rendered":"http:\/\/www.monteagudo.info\/web\/?page_id=1862"},"modified":"2022-11-30T09:58:24","modified_gmt":"2022-11-30T08:58:24","slug":"rutareylobo","status":"publish","type":"page","link":"https:\/\/monteagudo.info\/web\/quehacer\/rutareylobo\/","title":{"rendered":"Ruta did\u00e1ctica: \u00abLa Murcia del Rey Lobo\u00bb"},"content":{"rendered":"<p><a href=\"http:\/\/monteagudo.info\/web\/wp-content\/uploads\/2018\/04\/rutaguiadamonteagudo-5.jpg\"><img loading=\"lazy\" decoding=\"async\" class=\"aligncenter size-full wp-image-3989\" src=\"http:\/\/monteagudo.info\/web\/wp-content\/uploads\/2018\/04\/rutaguiadamonteagudo-5.jpg\" alt=\"\" width=\"1920\" height=\"1282\" srcset=\"https:\/\/monteagudo.info\/web\/wp-content\/uploads\/2018\/04\/rutaguiadamonteagudo-5.jpg 1920w, https:\/\/monteagudo.info\/web\/wp-content\/uploads\/2018\/04\/rutaguiadamonteagudo-5-300x200.jpg 300w, https:\/\/monteagudo.info\/web\/wp-content\/uploads\/2018\/04\/rutaguiadamonteagudo-5-768x513.jpg 768w, https:\/\/monteagudo.info\/web\/wp-content\/uploads\/2018\/04\/rutaguiadamonteagudo-5-1024x684.jpg 1024w\" sizes=\"auto, (max-width: 1920px) 100vw, 1920px\" \/><\/a><\/p>\n<p style=\"text-align: center;\"><strong>PR\u00d3XIMAS FECHAS E INSCRIPCIONES<\/strong><\/p>\n<p style=\"text-align: center;\">[events_list tag=\u00bb162&#8243;]<\/p>\n<p style=\"text-align: center;\"><strong>DESARROLLO DE LA ACTIVIDAD<\/strong><\/p>\n<p style=\"text-align: justify;\"><strong>\u201cLa Murcia del Rey Lobo\u201d <\/strong>es una ruta did\u00e1ctica de interpretaci\u00f3n que transcurre por los aleda\u00f1os del Castillejo a\u00a0 Larache, con diferentes paradas de interpretaci\u00f3n (9) al pie de los monumentos y en los puntos de mayor relieve arqueol\u00f3gico, como son las albercas medievales del llamado \u201cHuerto Hondo,\u201d\u00a0 \u201cEl Alberc\u00f3n,\u201d\u00a0 otras infraestructuras de la \u00e9poca (regaderas y dep\u00f3sitos)\u00a0 y puntos de relieve etnogr\u00e1fico y paisaj\u00edstico.<\/p>\n<p style=\"text-align: justify;\">Tiene una longitud aproximada de 3.300 metros y el recorrido es accesible para todos aquellos capaces de caminar y moverse durante unas tres horas, pues los desniveles son pocos\u00a0 y muy suaves.<\/p>\n<p style=\"text-align: justify;\">Esta ruta se enmarca dentro de una actividad did\u00e1ctica y cultural denominada \u201cLa Murcia del Rey Lobo\u201d estando precedida por una charla con medios audiovisuales de una hora de duraci\u00f3n, que sirve para situar al p\u00fablico en la situaci\u00f3n hist\u00f3rica de mediados del S XII.<\/p>\n<p style=\"text-align: justify;\">Dicha actividad, dirigida a todos los niveles educativos, como al p\u00fablico en general, se realiza en grupo, y tiene como objetivo general el acercamiento de los participantes de una forma activa y directa, a uno de los periodos m\u00e1s decisivos de nuestra historia, a trav\u00e9s de esta figura, como fue Ibn Mardanis, tan controvertida como carism\u00e1tica, en un momento en que la ciudad de Murcia se afianza como capital de un gran reino primero, y de una gran regi\u00f3n despu\u00e9s, poniendo de relieve todo esto desde el contexto de sus obras monumentales, en el \u00fanico lugar donde se puede apreciar todo el Complejo Palatino\u00a0 Medieval en conjunto, siendo adem\u00e1s enmarcado por la Huerta y la Ciudad.<\/p>\n<p style=\"text-align: justify;\">La propuesta y el dise\u00f1o han sido realizados por Ecoambiental, S.L.L. en colaboraci\u00f3n con Arqueolog\u00eda Estudios y la Junta Municipal de Monteagudo.<\/p>\n<p style=\"text-align: justify;\"><strong>Horario aproximado (ma\u00f1anas):<\/strong><br \/>\n<strong>09:30 h<\/strong>. Recepci\u00f3n en el punto de encuentro.<br \/>\n<strong>09:40 h.<\/strong> Charla introductoria a la ruta.<br \/>\n<strong>10:40 h.<\/strong> Descanso<br \/>\n<strong>11:10 h.<\/strong> Ruta \u00abLa Murcia del Rey Lobo\u00bb (3&#8217;5 km.)<br \/>\n<strong>13:30 h.<\/strong> Fin ruta<\/p>\n<p style=\"text-align: justify;\">La ruta es de dificultad baja, el mayor desnivel que se salva, es al comienzo, con la subida al mirador del Castillo de Monteagudo a trav\u00e9s de su acceso por escaleras. El resto de la ruta es pr\u00e1cticamente en llano y pendientes suaves. Debido a que una parte importante del recorrido se hace por caminos de tierra, es recomendable llevar un calzado c\u00f3modo. Es perfectamente realizable con carrito de beb\u00e9 teniendo en cuenta que deber\u00e1n llevarlo en volandas en la escalinata de subida al mirador del Castillo.<\/p>\n<p style=\"text-align: center;\"><strong>ITINERARIO<\/strong><a href=\"http:\/\/monteagudo.info\/web\/wp-content\/uploads\/2012\/10\/Cartel-Ruta-Rey-Lobo.jpg\" target=\"_blank\" rel=\"noopener noreferrer\"><img loading=\"lazy\" decoding=\"async\" class=\"aligncenter wp-image-741 size-large\" title=\"Cartel Ruta Rey Lobo\" src=\"https:\/\/monteagudo.info\/web\/wp-content\/uploads\/2012\/10\/Cartel-Ruta-Rey-Lobo-e1640267836336-1024x596.jpg\" alt=\"\" width=\"555\" height=\"323\" srcset=\"https:\/\/monteagudo.info\/web\/wp-content\/uploads\/2012\/10\/Cartel-Ruta-Rey-Lobo-e1640267836336-1024x596.jpg 1024w, https:\/\/monteagudo.info\/web\/wp-content\/uploads\/2012\/10\/Cartel-Ruta-Rey-Lobo-e1640267836336-300x175.jpg 300w, https:\/\/monteagudo.info\/web\/wp-content\/uploads\/2012\/10\/Cartel-Ruta-Rey-Lobo-e1640267836336-768x447.jpg 768w, https:\/\/monteagudo.info\/web\/wp-content\/uploads\/2012\/10\/Cartel-Ruta-Rey-Lobo-e1640267836336-1536x895.jpg 1536w, https:\/\/monteagudo.info\/web\/wp-content\/uploads\/2012\/10\/Cartel-Ruta-Rey-Lobo-e1640267836336-555x323.jpg 555w, https:\/\/monteagudo.info\/web\/wp-content\/uploads\/2012\/10\/Cartel-Ruta-Rey-Lobo-e1640267836336.jpg 1784w\" sizes=\"auto, (max-width: 555px) 100vw, 555px\" \/><\/a><\/p>\n<p style=\"text-align: center;\"><strong>CENTROS EDUCATIVOS O COLECTIVOS DE INTER\u00c9S SOCIAL<\/strong><\/p>\n<p>Si pertenece a un centro educativo o colectivo de inter\u00e9s social y est\u00e1 interesado en realizar la actividad con un grupo de su centro, cont\u00e1ctenos a solicitudes@monteagudo.info<\/p>\n\n\t\t<style type=\"text\/css\">\n\t\t\t#gallery-1 {\n\t\t\t\tmargin: auto;\n\t\t\t}\n\t\t\t#gallery-1 .gallery-item {\n\t\t\t\tfloat: left;\n\t\t\t\tmargin-top: 10px;\n\t\t\t\ttext-align: center;\n\t\t\t\twidth: 50%;\n\t\t\t}\n\t\t\t#gallery-1 img {\n\t\t\t\tborder: 2px solid #cfcfcf;\n\t\t\t}\n\t\t\t#gallery-1 .gallery-caption {\n\t\t\t\tmargin-left: 0;\n\t\t\t}\n\t\t\t\/* see gallery_shortcode() in wp-includes\/media.php *\/\n\t\t<\/style>\n\t\t<div id='gallery-1' class='gallery galleryid-1862 gallery-columns-2 gallery-size-thumbnail'><dl class='gallery-item'>\n\t\t\t<dt class='gallery-icon landscape'>\n\t\t\t\t<a href='https:\/\/monteagudo.info\/web\/wp-content\/uploads\/2013\/11\/DSC_3467.jpg'><img loading=\"lazy\" decoding=\"async\" width=\"150\" height=\"150\" src=\"https:\/\/monteagudo.info\/web\/wp-content\/uploads\/2013\/11\/DSC_3467-150x150.jpg\" class=\"attachment-thumbnail size-thumbnail\" alt=\"\" \/><\/a>\n\t\t\t<\/dt><\/dl><dl class='gallery-item'>\n\t\t\t<dt class='gallery-icon landscape'>\n\t\t\t\t<a href='https:\/\/monteagudo.info\/web\/wp-content\/uploads\/2013\/11\/DSC_3461.jpg'><img loading=\"lazy\" decoding=\"async\" width=\"150\" height=\"150\" src=\"https:\/\/monteagudo.info\/web\/wp-content\/uploads\/2013\/11\/DSC_3461-150x150.jpg\" class=\"attachment-thumbnail size-thumbnail\" alt=\"\" \/><\/a>\n\t\t\t<\/dt><\/dl><br style=\"clear: both\" \/>\n\t\t<\/div>\n\n<p style=\"text-align: center;\"><a href=\"https:\/\/monteagudo.info\/web\/secciones\/galeria-multimedia\/?album=1&amp;gallery=12\" target=\"_blank\" rel=\"noopener noreferrer\">GALER\u00cdA FOTOGR\u00c1FICA<\/a><\/p>\n\n\t\t<style type=\"text\/css\">\n\t\t\t#gallery-2 {\n\t\t\t\tmargin: auto;\n\t\t\t}\n\t\t\t#gallery-2 .gallery-item {\n\t\t\t\tfloat: left;\n\t\t\t\tmargin-top: 10px;\n\t\t\t\ttext-align: center;\n\t\t\t\twidth: 33%;\n\t\t\t}\n\t\t\t#gallery-2 img {\n\t\t\t\tborder: 2px solid #cfcfcf;\n\t\t\t}\n\t\t\t#gallery-2 .gallery-caption {\n\t\t\t\tmargin-left: 0;\n\t\t\t}\n\t\t\t\/* see gallery_shortcode() in wp-includes\/media.php *\/\n\t\t<\/style>\n\t\t<div id='gallery-2' class='gallery galleryid-1862 gallery-columns-3 gallery-size-thumbnail'><dl class='gallery-item'>\n\t\t\t<dt class='gallery-icon landscape'>\n\t\t\t\t<a href='https:\/\/monteagudo.info\/web\/wp-content\/uploads\/2013\/10\/1404859_565221316866968_630181661_o.jpg'><img loading=\"lazy\" decoding=\"async\" width=\"150\" height=\"150\" src=\"https:\/\/monteagudo.info\/web\/wp-content\/uploads\/2013\/10\/1404859_565221316866968_630181661_o-150x150.jpg\" class=\"attachment-thumbnail size-thumbnail\" alt=\"\" \/><\/a>\n\t\t\t<\/dt><\/dl><dl class='gallery-item'>\n\t\t\t<dt class='gallery-icon landscape'>\n\t\t\t\t<a href='https:\/\/monteagudo.info\/web\/wp-content\/uploads\/2013\/10\/1405025_565218616867238_1928326750_o.jpg'><img loading=\"lazy\" decoding=\"async\" width=\"150\" height=\"150\" src=\"https:\/\/monteagudo.info\/web\/wp-content\/uploads\/2013\/10\/1405025_565218616867238_1928326750_o-150x150.jpg\" class=\"attachment-thumbnail size-thumbnail\" alt=\"\" \/><\/a>\n\t\t\t<\/dt><\/dl><dl class='gallery-item'>\n\t\t\t<dt class='gallery-icon landscape'>\n\t\t\t\t<a href='https:\/\/monteagudo.info\/web\/wp-content\/uploads\/2013\/10\/883151_565220666867033_1016729471_o.jpg'><img loading=\"lazy\" decoding=\"async\" width=\"150\" height=\"150\" src=\"https:\/\/monteagudo.info\/web\/wp-content\/uploads\/2013\/10\/883151_565220666867033_1016729471_o-150x150.jpg\" class=\"attachment-thumbnail size-thumbnail\" alt=\"\" \/><\/a>\n\t\t\t<\/dt><\/dl><br style=\"clear: both\" \/><dl class='gallery-item'>\n\t\t\t<dt class='gallery-icon landscape'>\n\t\t\t\t<a href='https:\/\/monteagudo.info\/web\/wp-content\/uploads\/2013\/10\/1397897_565221200200313_680586416_o.jpg'><img loading=\"lazy\" decoding=\"async\" width=\"150\" height=\"150\" src=\"https:\/\/monteagudo.info\/web\/wp-content\/uploads\/2013\/10\/1397897_565221200200313_680586416_o-150x150.jpg\" class=\"attachment-thumbnail size-thumbnail\" alt=\"\" \/><\/a>\n\t\t\t<\/dt><\/dl><dl class='gallery-item'>\n\t\t\t<dt class='gallery-icon landscape'>\n\t\t\t\t<a href='https:\/\/monteagudo.info\/web\/wp-content\/uploads\/2013\/10\/1401948_565222210200212_1055937826_o.jpg'><img loading=\"lazy\" decoding=\"async\" width=\"150\" height=\"150\" src=\"https:\/\/monteagudo.info\/web\/wp-content\/uploads\/2013\/10\/1401948_565222210200212_1055937826_o-150x150.jpg\" class=\"attachment-thumbnail size-thumbnail\" alt=\"\" \/><\/a>\n\t\t\t<\/dt><\/dl><dl class='gallery-item'>\n\t\t\t<dt class='gallery-icon landscape'>\n\t\t\t\t<a href='https:\/\/monteagudo.info\/web\/wp-content\/uploads\/2013\/06\/10410_016dfr.jpg'><img loading=\"lazy\" decoding=\"async\" width=\"150\" height=\"150\" src=\"https:\/\/monteagudo.info\/web\/wp-content\/uploads\/2013\/06\/10410_016dfr-150x150.jpg\" class=\"attachment-thumbnail size-thumbnail\" alt=\"\" \/><\/a>\n\t\t\t<\/dt><\/dl><br style=\"clear: both\" \/><dl class='gallery-item'>\n\t\t\t<dt class='gallery-icon landscape'>\n\t\t\t\t<a href='https:\/\/monteagudo.info\/web\/wp-content\/uploads\/2013\/10\/1417798_565218803533886_1845686241_o.jpg'><img loading=\"lazy\" decoding=\"async\" width=\"150\" height=\"150\" src=\"https:\/\/monteagudo.info\/web\/wp-content\/uploads\/2013\/10\/1417798_565218803533886_1845686241_o-150x150.jpg\" class=\"attachment-thumbnail size-thumbnail\" alt=\"\" \/><\/a>\n\t\t\t<\/dt><\/dl><dl class='gallery-item'>\n\t\t\t<dt class='gallery-icon landscape'>\n\t\t\t\t<a href='https:\/\/monteagudo.info\/web\/wp-content\/uploads\/2013\/10\/904356_565220840200349_702698957_o.jpg'><img loading=\"lazy\" decoding=\"async\" width=\"150\" height=\"150\" src=\"https:\/\/monteagudo.info\/web\/wp-content\/uploads\/2013\/10\/904356_565220840200349_702698957_o-150x150.jpg\" class=\"attachment-thumbnail size-thumbnail\" alt=\"\" \/><\/a>\n\t\t\t<\/dt><\/dl><dl class='gallery-item'>\n\t\t\t<dt class='gallery-icon landscape'>\n\t\t\t\t<a href='https:\/\/monteagudo.info\/web\/wp-content\/uploads\/2013\/10\/1398485_565219760200457_1463485180_o.jpg'><img loading=\"lazy\" decoding=\"async\" width=\"150\" height=\"150\" src=\"https:\/\/monteagudo.info\/web\/wp-content\/uploads\/2013\/10\/1398485_565219760200457_1463485180_o-150x150.jpg\" class=\"attachment-thumbnail size-thumbnail\" alt=\"\" \/><\/a>\n\t\t\t<\/dt><\/dl><br style=\"clear: both\" \/><dl class='gallery-item'>\n\t\t\t<dt class='gallery-icon landscape'>\n\t\t\t\t<a href='https:\/\/monteagudo.info\/web\/wp-content\/uploads\/2013\/10\/1403574_565221390200294_329444988_o.jpg'><img loading=\"lazy\" decoding=\"async\" width=\"150\" height=\"150\" src=\"https:\/\/monteagudo.info\/web\/wp-content\/uploads\/2013\/10\/1403574_565221390200294_329444988_o-150x150.jpg\" class=\"attachment-thumbnail size-thumbnail\" alt=\"\" \/><\/a>\n\t\t\t<\/dt><\/dl><dl class='gallery-item'>\n\t\t\t<dt class='gallery-icon landscape'>\n\t\t\t\t<a href='https:\/\/monteagudo.info\/web\/wp-content\/uploads\/2013\/10\/1397667_565220563533710_1984279678_o.jpg'><img loading=\"lazy\" decoding=\"async\" width=\"150\" height=\"150\" src=\"https:\/\/monteagudo.info\/web\/wp-content\/uploads\/2013\/10\/1397667_565220563533710_1984279678_o-150x150.jpg\" class=\"attachment-thumbnail size-thumbnail\" alt=\"\" \/><\/a>\n\t\t\t<\/dt><\/dl><dl class='gallery-item'>\n\t\t\t<dt class='gallery-icon landscape'>\n\t\t\t\t<a href='https:\/\/monteagudo.info\/web\/wp-content\/uploads\/2013\/10\/1417684_565220300200403_430641078_o.jpg'><img loading=\"lazy\" decoding=\"async\" width=\"150\" height=\"150\" src=\"https:\/\/monteagudo.info\/web\/wp-content\/uploads\/2013\/10\/1417684_565220300200403_430641078_o-150x150.jpg\" class=\"attachment-thumbnail size-thumbnail\" alt=\"\" \/><\/a>\n\t\t\t<\/dt><\/dl><br style=\"clear: both\" \/>\n\t\t<\/div>\n\n<p style=\"text-align: left;\"><em>Puede suscribirse en nuestra lista de correo y recibir\u00e1 un email cuando haya nuevas fechas de esta y otras actividades.<\/em><\/p>\n<div class=\"tnp tnp-subscription \">\n<form method=\"post\" action=\"https:\/\/monteagudo.info\/web\/wp-admin\/admin-ajax.php?action=tnp&amp;na=s\">\n<input type=\"hidden\" name=\"nlang\" value=\"\">\n<div class=\"tnp-field tnp-field-email\"><label for=\"tnp-1\">E-mail<\/label>\n<input class=\"tnp-email\" type=\"email\" name=\"ne\" id=\"tnp-1\" value=\"\" placeholder=\"\" required><\/div>\n<div class=\"tnp-field tnp-privacy-field\"><label><input type=\"checkbox\" name=\"ny\" required class=\"tnp-privacy\"> Consiento al tratamiento de mis datos de car\u00e1cter personal. <\/label><\/div><div class=\"tnp-field tnp-field-button\" style=\"text-align: left\"><input class=\"tnp-submit\" type=\"submit\" value=\"Enviar\" style=\"\">\n<\/div>\n<\/form>\n<\/div>\n\n","protected":false},"excerpt":{"rendered":"<\/p>\n<p style=\"text-align: center;\">PR\u00d3XIMAS FECHAS E INSCRIPCIONES<\/p>\n<p style=\"text-align: center;\">[events_list tag=\u00bb162&#8243;]<\/p>\n<p style=\"text-align: center;\">DESARROLLO DE LA ACTIVIDAD<\/p>\n<p style=\"text-align: justify;\">\u201cLa Murcia del Rey Lobo\u201d es una ruta did\u00e1ctica de interpretaci\u00f3n que transcurre por los aleda\u00f1os del Castillejo a\u00a0 Larache, con diferentes paradas de interpretaci\u00f3n (9) al pie de los monumentos y en los puntos de &hellip; <\/p>\n<p><a class=\"more-link btn\" href=\"https:\/\/monteagudo.info\/web\/quehacer\/rutareylobo\/\">Seguir leyendo<\/a><\/p>\n","protected":false},"author":2,"featured_media":3990,"parent":2136,"menu_order":1,"comment_status":"open","ping_status":"open","template":"","meta":{"footnotes":""},"class_list":["post-1862","page","type-page","status-publish","has-post-thumbnail","hentry","nodate","item-wrap"],"jetpack_sharing_enabled":true,"_links":{"self":[{"href":"https:\/\/monteagudo.info\/web\/wp-json\/wp\/v2\/pages\/1862","targetHints":{"allow":["GET"]}}],"collection":[{"href":"https:\/\/monteagudo.info\/web\/wp-json\/wp\/v2\/pages"}],"about":[{"href":"https:\/\/monteagudo.info\/web\/wp-json\/wp\/v2\/types\/page"}],"author":[{"embeddable":true,"href":"https:\/\/monteagudo.info\/web\/wp-json\/wp\/v2\/users\/2"}],"replies":[{"embeddable":true,"href":"https:\/\/monteagudo.info\/web\/wp-json\/wp\/v2\/comments?post=1862"}],"version-history":[{"count":78,"href":"https:\/\/monteagudo.info\/web\/wp-json\/wp\/v2\/pages\/1862\/revisions"}],"predecessor-version":[{"id":4984,"href":"https:\/\/monteagudo.info\/web\/wp-json\/wp\/v2\/pages\/1862\/revisions\/4984"}],"up":[{"embeddable":true,"href":"https:\/\/monteagudo.info\/web\/wp-json\/wp\/v2\/pages\/2136"}],"wp:featuredmedia":[{"embeddable":true,"href":"https:\/\/monteagudo.info\/web\/wp-json\/wp\/v2\/media\/3990"}],"wp:attachment":[{"href":"https:\/\/monteagudo.info\/web\/wp-json\/wp\/v2\/media?parent=1862"}],"curies":[{"name":"wp","href":"https:\/\/api.w.org\/{rel}","templated":true}]}}