{"id":244,"date":"2012-05-09T15:32:39","date_gmt":"2012-05-09T13:32:39","guid":{"rendered":"http:\/\/www.monteagudo.info\/web\/?page_id=244"},"modified":"2012-05-10T11:58:30","modified_gmt":"2012-05-10T09:58:30","slug":"semana-santa-de-monteagudo","status":"publish","type":"page","link":"https:\/\/monteagudo.info\/web\/secciones\/fiestas-y-costumbres\/semana-santa-de-monteagudo\/","title":{"rendered":"Semana Santa de Monteagudo"},"content":{"rendered":"<p style=\"text-align: left;\">\u00a0\u00a0\u00a0\u00a0\u00a0\u00a0\u00a0\u00a0\u00a0 En\u00a0 la Semana Santa de Monteagudo, se funden la tradici\u00f3n con una gran participaci\u00f3n popular que expresan la manera de ser y el sentir del monteagude\u00f1o. Su huerta y calles se convierte en una simbiosis de religiosidad y bullicio, de tradici\u00f3n y actualidad, de pasado y presente siendo una experiencia inolvidable. Quienes la sienten una vez quieren repetir, tanto por lo que contemplan sus extasiados ojos, como\u00a0 por la estrecha vinculaci\u00f3n que se establece con las gentes de esta tierra, lazos que ser\u00e1n indisolubles a pesar del devenir ineludible de los tiempos.<\/p>\n<p style=\"text-align: left;\">\u00a0\u00a0\u00a0\u00a0\u00a0\u00a0\u00a0\u00a0 En sus procesiones y cultos se dan cita las luces de las velas, cirios y faroles, el olor a azahar y a incienso, el sonido de la campana, de la burla, el tambor y la corneta, el cante de saetas, la m\u00fasica y el arte, ofreciendo todo un espect\u00e1culo para los sentidos, teniendo a sus m\u00e1ximos protagonistas y art\u00edfices en la Muy Ilustre y Venerable Cofrad\u00eda del Stmo. Cristo del Calvario y Mar\u00eda Stma de los Dolores, que las hacen posibles gracias a su trabajo ilusionado, a su fe y a su esfuerzo, tratando de acercar al pueblo el misterio de la pasi\u00f3n de Jesucristo de un modo m\u00e1s palpable y humano.<\/p>\n<p style=\"text-align: left;\">\u00a0\u00a0\u00a0\u00a0\u00a0\u00a0\u00a0\u00a0 No se hace justicia si no se habla de todos los cultos que se realizan por su singularidad; los contrastes entre una celebraci\u00f3n y otra, son llamativos. Pero todos tienen el punto en com\u00fan de manifestar de coraz\u00f3n la buena fe de un pueblo alegre y folcl\u00f3rico, que no puede entender la espiritualidad de otro modo si no es a trav\u00e9s de sus propias pasiones humanas. Algunos de ellos son especialmente destacables: El Preg\u00f3n de Semana Santa y el Descendimiento del Stmo. Cristo del Calvario (imagen titular de la Cofrad\u00eda).<\/p>\n<p style=\"text-align: left;\">\u00a0\u00a0\u00a0\u00a0\u00a0\u00a0\u00a0\u00a0 En la noche de Viernes de Dolores tiene lugar la lectura del \u201cJuicio de Ntro. Se\u00f1or Jesucristo\u201d con la imagen del Stmo. Cristo de los Desamparados, a la que acompa\u00f1ar\u00e1 todo el pueblo de Monteagudo con antorchas y velas hasta la Ermita de San Cayetano, bajo la falda del Castillo, para escuchar \u201cLa sentencia a Morir en la Cruz\u201d.<\/p>\n<p style=\"text-align: left;\">\u00a0\u00a0\u00a0\u00a0\u00a0\u00a0\u00a0\u00a0 La ma\u00f1ana de Domingo de Ramos, las callejuelas de la localidad se convierten en un gran escenario, en el que tras la bendici\u00f3n de palmas y ramos, adultos y ni\u00f1os vestidos de hebreos rememoran la entrada de Jesucristo en Jerusal\u00e9n con alabanzas y cantos durante el transcurso de \u201cLa Procesi\u00f3n de la Burrica\u201d al Templo Parroquial, en la que el protagonista de este cortejo procesional es un pollino montado por un ni\u00f1o que representa\u00a0 a Jes\u00fas.<\/p>\n<p style=\"text-align: left;\">\u00a0\u00a0\u00a0\u00a0\u00a0\u00a0\u00a0\u00a0 Es\u00a0 en la tarde &#8211; noche de Jueves Santo, donde la Cofrad\u00eda Nazarena constituye la m\u00e1xima expresi\u00f3n de promoci\u00f3n del culto a sus Sagrados Titulares, en el que las im\u00e1genes de Ntro. Se\u00f1or Jesucristo Nazareno de la Mirada, Stmo. Cristo del Calvario y Mar\u00eda Stma. de los Dolores recorren la huerta fundi\u00e9ndose en la total oscuridad de la noche junto al silencio, el respeto y la \u201csaeta\u201d que, en el m\u00e1s profundo y sentido flamenco, llora la pasi\u00f3n de Cristo. Y el cabello se eriza en este momento emocionante y humano, lleno de pasi\u00f3n, con el olor a incienso y cera.<\/p>\n<p style=\"text-align: left;\">\u00a0\u00a0\u00a0\u00a0\u00a0\u00a0\u00a0\u00a0 Es dif\u00edcil explicar todo lo que se siente durante\u00a0 una semana tan emotiva y fuerte a aquel que nunca lo ha visto. Es dif\u00edcil explicar porqu\u00e9 los monteagude\u00f1os son capaces de acompa\u00f1ar a Cristo en numerosos actos\u00a0 que transcurren durante la Cuaresma, esperando que ese a\u00f1o, igual que todos los a\u00f1os, salga por las puertas de la Iglesia\u00a0 Cristo camino al Calvario acompa\u00f1ado de su Stma. Madre. En cualquier caso es una vivencia inolvidable para aquellos que la han vivido.<\/p>\n","protected":false},"excerpt":{"rendered":"<p style=\"text-align: left;\">\u00a0\u00a0\u00a0\u00a0\u00a0\u00a0\u00a0\u00a0\u00a0 En\u00a0 la Semana Santa de Monteagudo, se funden la tradici\u00f3n con una gran participaci\u00f3n popular que expresan la manera de ser y el sentir del monteagude\u00f1o. Su huerta y calles se convierte en una simbiosis de religiosidad y bullicio, de tradici\u00f3n y actualidad, de pasado y presente siendo una experiencia inolvidable. Quienes &hellip; <\/p>\n<p><a class=\"more-link btn\" href=\"https:\/\/monteagudo.info\/web\/secciones\/fiestas-y-costumbres\/semana-santa-de-monteagudo\/\">Seguir leyendo<\/a><\/p>\n","protected":false},"author":2,"featured_media":0,"parent":17,"menu_order":0,"comment_status":"open","ping_status":"open","template":"","meta":{"footnotes":""},"class_list":["post-244","page","type-page","status-publish","hentry","nodate","item-wrap"],"jetpack_sharing_enabled":true,"_links":{"self":[{"href":"https:\/\/monteagudo.info\/web\/wp-json\/wp\/v2\/pages\/244","targetHints":{"allow":["GET"]}}],"collection":[{"href":"https:\/\/monteagudo.info\/web\/wp-json\/wp\/v2\/pages"}],"about":[{"href":"https:\/\/monteagudo.info\/web\/wp-json\/wp\/v2\/types\/page"}],"author":[{"embeddable":true,"href":"https:\/\/monteagudo.info\/web\/wp-json\/wp\/v2\/users\/2"}],"replies":[{"embeddable":true,"href":"https:\/\/monteagudo.info\/web\/wp-json\/wp\/v2\/comments?post=244"}],"version-history":[{"count":5,"href":"https:\/\/monteagudo.info\/web\/wp-json\/wp\/v2\/pages\/244\/revisions"}],"predecessor-version":[{"id":261,"href":"https:\/\/monteagudo.info\/web\/wp-json\/wp\/v2\/pages\/244\/revisions\/261"}],"up":[{"embeddable":true,"href":"https:\/\/monteagudo.info\/web\/wp-json\/wp\/v2\/pages\/17"}],"wp:attachment":[{"href":"https:\/\/monteagudo.info\/web\/wp-json\/wp\/v2\/media?parent=244"}],"curies":[{"name":"wp","href":"https:\/\/api.w.org\/{rel}","templated":true}]}}