{"id":26,"date":"2012-03-23T21:51:02","date_gmt":"2012-03-23T20:51:02","guid":{"rendered":"http:\/\/monteagudo.info\/web\/?page_id=26"},"modified":"2019-11-12T21:29:57","modified_gmt":"2019-11-12T20:29:57","slug":"alcaldia","status":"publish","type":"page","link":"https:\/\/monteagudo.info\/web\/instalaciones-y-servicios\/alcaldia\/","title":{"rendered":"Alcald\u00eda"},"content":{"rendered":"<p><img loading=\"lazy\" decoding=\"async\" class=\"aligncenter size-large wp-image-4338\" src=\"http:\/\/monteagudo.info\/web\/wp-content\/uploads\/2019\/11\/reloj-horario-1024x684.jpg\" alt=\"\" width=\"555\" height=\"371\" srcset=\"https:\/\/monteagudo.info\/web\/wp-content\/uploads\/2019\/11\/reloj-horario-1024x684.jpg 1024w, https:\/\/monteagudo.info\/web\/wp-content\/uploads\/2019\/11\/reloj-horario-300x200.jpg 300w, https:\/\/monteagudo.info\/web\/wp-content\/uploads\/2019\/11\/reloj-horario-768x513.jpg 768w\" sizes=\"auto, (max-width: 555px) 100vw, 555px\" \/><\/p>\n<p style=\"text-align: justify;\">La Junta Municipal pone a disposici\u00f3n de sus vecinos un horario de atenci\u00f3n en la que recibir sugerencias, quejas y solicitudes en la alcald\u00eda.<\/p>\n<h4>HORARIO:<\/h4>\n<p>MARTES Y JUEVES DE 19:00 A 21:00<\/p>\n<p>&nbsp;<\/p>\n<h4>HORARIO VERANO:<\/h4>\n<p>JULIO: JUEVES, de 19 a 21 horas.<\/p>\n<p>AGOSTO: Cerrado<\/p>\n<p>&nbsp;<\/p>\n<p><strong>email: <span style=\"color: #0000ff;\">alcalde.monteagudo @ murcia.es<\/span><\/strong><\/p>\n<p><strong>Tel\u00e9fono: 968 85 23 98<\/strong><\/p>\n<p>&nbsp;<\/p>\n<p>&nbsp;<\/p>\n<p>&nbsp;<\/p>\n","protected":false},"excerpt":{"rendered":"<\/p>\n<p style=\"text-align: justify;\">La Junta Municipal pone a disposici\u00f3n de sus vecinos un horario de atenci\u00f3n en la que recibir sugerencias, quejas y solicitudes en la alcald\u00eda.<\/p>\n<p> HORARIO: <\/p>\n<p>MARTES Y JUEVES DE 19:00 A 21:00<\/p>\n<p>&nbsp;<\/p>\n<p> HORARIO VERANO: <\/p>\n<p>JULIO: JUEVES, de 19 a 21 horas.<\/p>\n<p>AGOSTO: Cerrado<\/p>\n<p>&nbsp;<\/p>\n<p>email: alcalde.monteagudo @ murcia.es<\/p>\n<p>Tel\u00e9fono: 968 85 &hellip; <\/p>\n<p><a class=\"more-link btn\" href=\"https:\/\/monteagudo.info\/web\/instalaciones-y-servicios\/alcaldia\/\">Seguir leyendo<\/a><\/p>\n","protected":false},"author":1,"featured_media":0,"parent":69,"menu_order":0,"comment_status":"closed","ping_status":"closed","template":"","meta":{"footnotes":""},"class_list":["post-26","page","type-page","status-publish","hentry","nodate","item-wrap"],"jetpack_sharing_enabled":true,"_links":{"self":[{"href":"https:\/\/monteagudo.info\/web\/wp-json\/wp\/v2\/pages\/26","targetHints":{"allow":["GET"]}}],"collection":[{"href":"https:\/\/monteagudo.info\/web\/wp-json\/wp\/v2\/pages"}],"about":[{"href":"https:\/\/monteagudo.info\/web\/wp-json\/wp\/v2\/types\/page"}],"author":[{"embeddable":true,"href":"https:\/\/monteagudo.info\/web\/wp-json\/wp\/v2\/users\/1"}],"replies":[{"embeddable":true,"href":"https:\/\/monteagudo.info\/web\/wp-json\/wp\/v2\/comments?post=26"}],"version-history":[{"count":17,"href":"https:\/\/monteagudo.info\/web\/wp-json\/wp\/v2\/pages\/26\/revisions"}],"predecessor-version":[{"id":4340,"href":"https:\/\/monteagudo.info\/web\/wp-json\/wp\/v2\/pages\/26\/revisions\/4340"}],"up":[{"embeddable":true,"href":"https:\/\/monteagudo.info\/web\/wp-json\/wp\/v2\/pages\/69"}],"wp:attachment":[{"href":"https:\/\/monteagudo.info\/web\/wp-json\/wp\/v2\/media?parent=26"}],"curies":[{"name":"wp","href":"https:\/\/api.w.org\/{rel}","templated":true}]}}