{"id":28,"date":"2012-03-23T21:51:16","date_gmt":"2012-03-23T20:51:16","guid":{"rendered":"http:\/\/monteagudo.info\/web\/?page_id=28"},"modified":"2012-05-16T13:03:46","modified_gmt":"2012-05-16T11:03:46","slug":"oficina-municipal","status":"publish","type":"page","link":"https:\/\/monteagudo.info\/web\/instalaciones-y-servicios\/oficina-municipal\/","title":{"rendered":"Centro de Salud"},"content":{"rendered":"<div id=\"informacion_centro\">\n<h2>Informaci\u00f3n general:<\/h2>\n<ul>\n<li><strong>Zona b\u00e1sica de salud:<\/strong> <a href=\"http:\/\/www.murciasalud.es\/caps.php?op=mostrar_zbs&amp;id_zbs=16&amp;idsec=6\">Murcia\/Monteagudo<\/a><\/li>\n<li><strong>\u00c1rea de Salud:<\/strong> <a href=\"http:\/\/www.murciasalud.es\/caps.php?op=mostrar_area&amp;id_area=7&amp;idsec=6\">\u00c1rea de Salud VII (Murcia\/Este)<\/a><\/li>\n<li><strong>Urgencias:<\/strong> <a href=\"http:\/\/www.murciasalud.es\/caps.php?op=mostrar_centro&amp;id_centro=7&amp;tipo_centro=suap&amp;idsec=6\">SUAP (Servicio de Urgencias en Atenci\u00f3n Primaria) Santomera<\/a><\/li>\n<li><strong>Domicilio:<\/strong> Avda. Principe de Asturias ,42 &#8211; 30160 &#8211; MURCIA<\/li>\n<li><strong>Tel\u00e9fonos de cita previa:<\/strong> 968853187, 968228250<\/li>\n<li><strong>Fax:<\/strong> 968850653<\/li>\n<li><strong>Horarios:<\/strong> 8:00-15:00 H de Lunes a S\u00e1bado.<\/li>\n<li><strong>Servicios que ofrece:<\/strong> Medicina de familia, Pediatr\u00eda, Enfermer\u00eda, Unidad ginecol\u00f3gica de apoyo, Recogida de muestras, Matrona<\/li>\n<\/ul>\n<div>\n<h2>Otros datos:<\/h2>\n<\/div>\n<div><strong><a href=\"http:\/\/www.murciasalud.es\/pagina.php?id=150530&amp;idsec=46\" target=\"_blank\">-Equipo de Soporte de Atenci\u00f3n Domiciliaria<\/a>;<\/strong><\/div>\n<div><strong>-Radiolog\u00eda:<\/strong> Unidad de Radiolog\u00eda del Hospital Gral Universitario Reina Sof\u00eda;<\/div>\n<div><strong>-Fisioterapia:<\/strong> Centro de Salud Puente Tocinos;<\/div>\n<div><strong>-Odontolog\u00eda de Cupo:<\/strong> Servicio NO DISPONIBLE;<\/div>\n<div><strong>-Salud Bucodental:<\/strong> Unidad de Salud Bucodental de Puente Tocinos;<\/div>\n<div><strong>-Unidad Ginecol\u00f3gica de Apoyo:<\/strong> Unidad de Vista Alegre-La Flota;<\/div>\n<div><strong>-Trabajador Social:<\/strong> Servicios Sociales del Ayuntamiento;<\/div>\n<div><strong>-Hospital de referencia:<\/strong> Hospital General Universitario Reina Sof\u00eda;<\/div>\n<div><strong>-Salud Mental Adultos:<\/strong> Centro Salud Mental Infante;<\/div>\n<div><strong>-Salud Mental Infantil:<\/strong> Centro de Salud Mental de San Andr\u00e9s;<\/div>\n<div><strong>-Atenci\u00f3n a Drogodependencias:<\/strong> Centro de Drogodependencias de Murcia; <strong>-D\u00edas extracciones sangre:<\/strong> Martes, Jueves y Viernes.<\/div>\n<div><\/div>\n<div><\/div>\n<\/div>\n<div id=\"lateral_centros\">\n<h4><strong>Cita previa para M\u00e9dico de familia y Pediatra<\/strong>:<\/h4>\n<ul>\n<li><a title=\"Cita previa Servicio Murciano Salud\" href=\"https:\/\/sms.carm.es\/cmap\/\" target=\"_blank\"><span style=\"color: #3366ff;\">En la <strong>web<\/strong> del Servicio Murciano de Salud, lunes a domingo 24 horas<\/span><\/a><\/li>\n<li><strong>Telef\u00f3nica:<\/strong> 968228250 lunes a domingo 24 horas<\/li>\n<\/ul>\n<p>&nbsp;<\/p>\n<\/div>\n<h2>Profesionales adscritos a este centro<\/h2>\n<table summary=\"Profesionales, horarios y otros datos de los profesionales de este centro\" width=\"440\" border=\"1\">\n<tbody>\n<tr>\n<th>\u00a0Apellidos,Nombre<\/th>\n<th>Profesi\u00f3n<\/th>\n<th>Horario<\/th>\n<th>Otros datos<\/th>\n<\/tr>\n<tr>\n<td>Delgado Aroca, Maria Jose<\/td>\n<td>M\u00e9dico de Familia<\/td>\n<td>Lunes a viernes: 9:00-14:00<\/td>\n<td>Cupo: S\u00ed<\/td>\n<\/tr>\n<tr>\n<td>Ruiz Ruiz, Maria Dolores<\/td>\n<td>M\u00e9dico de Familia<\/td>\n<td>Lunes a Viernes: 9:00-14:00<\/td>\n<td>Cupo: S\u00ed<\/td>\n<\/tr>\n<tr>\n<td>Rubio Galvez, Joaquin<\/td>\n<td>Pediatra<\/td>\n<td>Lunes a viernes: 9:00-14:00<\/td>\n<td>Cupo: S\u00ed<\/td>\n<\/tr>\n<tr>\n<td>Hernandez Jerez, Julia<\/td>\n<td>Auxiliar Administrativo<\/td>\n<td>Lunes a Viernes: 8:00-15:00<\/td>\n<td><\/td>\n<\/tr>\n<tr>\n<td>Jim\u00e9nez Mart\u00ednez, Josefa M\u00aa<\/td>\n<td>Auxiliar Administrativo<\/td>\n<td>Lunes a Viernes:8:00-15:00<\/td>\n<td><\/td>\n<\/tr>\n<tr>\n<td>Coy Pallares, Mariana<\/td>\n<td>Enfermer\u00eda<\/td>\n<td>Lunes a Viernes: 8:00-15:00<\/td>\n<td><\/td>\n<\/tr>\n<tr>\n<td>Olivares Morales, Jose Maria<\/td>\n<td>Enfermer\u00eda<\/td>\n<td>Lunes a Viernes: 8:00-15:00<\/td>\n<td><\/td>\n<\/tr>\n<tr>\n<td>Gil Buend\u00eda, Mar\u00eda \u00e1ngeles<\/td>\n<td>Matrona<\/td>\n<td>Jueves y Viernes: 9:30-11:30 y 12:30-13:00<\/td>\n<td><\/td>\n<\/tr>\n<\/tbody>\n<\/table>\n","protected":false},"excerpt":{"rendered":"<p>Informaci\u00f3n general: Zona b\u00e1sica de salud: Murcia\/Monteagudo \u00c1rea de Salud: \u00c1rea de Salud VII (Murcia\/Este) Urgencias: SUAP (Servicio de Urgencias en Atenci\u00f3n Primaria) Santomera Domicilio: Avda. Principe de Asturias ,42 &#8211; 30160 &#8211; MURCIA Tel\u00e9fonos de cita previa: 968853187, 968228250 Fax: 968850653 Horarios: 8:00-15:00 H de Lunes a S\u00e1bado. Servicios que ofrece: Medicina de familia, &hellip; <\/p>\n<p><a class=\"more-link btn\" href=\"https:\/\/monteagudo.info\/web\/instalaciones-y-servicios\/oficina-municipal\/\">Seguir leyendo<\/a><\/p>\n","protected":false},"author":1,"featured_media":0,"parent":69,"menu_order":3,"comment_status":"closed","ping_status":"closed","template":"","meta":{"footnotes":""},"class_list":["post-28","page","type-page","status-publish","hentry","nodate","item-wrap"],"jetpack_sharing_enabled":true,"_links":{"self":[{"href":"https:\/\/monteagudo.info\/web\/wp-json\/wp\/v2\/pages\/28","targetHints":{"allow":["GET"]}}],"collection":[{"href":"https:\/\/monteagudo.info\/web\/wp-json\/wp\/v2\/pages"}],"about":[{"href":"https:\/\/monteagudo.info\/web\/wp-json\/wp\/v2\/types\/page"}],"author":[{"embeddable":true,"href":"https:\/\/monteagudo.info\/web\/wp-json\/wp\/v2\/users\/1"}],"replies":[{"embeddable":true,"href":"https:\/\/monteagudo.info\/web\/wp-json\/wp\/v2\/comments?post=28"}],"version-history":[{"count":19,"href":"https:\/\/monteagudo.info\/web\/wp-json\/wp\/v2\/pages\/28\/revisions"}],"predecessor-version":[{"id":276,"href":"https:\/\/monteagudo.info\/web\/wp-json\/wp\/v2\/pages\/28\/revisions\/276"}],"up":[{"embeddable":true,"href":"https:\/\/monteagudo.info\/web\/wp-json\/wp\/v2\/pages\/69"}],"wp:attachment":[{"href":"https:\/\/monteagudo.info\/web\/wp-json\/wp\/v2\/media?parent=28"}],"curies":[{"name":"wp","href":"https:\/\/api.w.org\/{rel}","templated":true}]}}