{"id":2824,"date":"2014-11-11T19:43:24","date_gmt":"2014-11-11T18:43:24","guid":{"rendered":"http:\/\/www.monteagudo.info\/web\/?page_id=2824"},"modified":"2014-11-12T10:22:09","modified_gmt":"2014-11-12T09:22:09","slug":"iglesia-de-la-cueva","status":"publish","type":"page","link":"https:\/\/monteagudo.info\/web\/instalaciones-y-servicios\/iglesia-de-la-cueva\/","title":{"rendered":"Iglesia de La Cueva"},"content":{"rendered":"<p><strong>Parroquia N.S. Virgen del Rosario<\/strong> C\/ San Jos\u00e9 ,17 La Cueva 30160 Monteagudo P\u00e1rroco: D. Francisco Javier G\u00f3mez Navarro HORARIOS DE MISAS: Domingos: 11 h.<\/p>\n<p style=\"text-align: center;\"><a href=\"http:\/\/monteagudo.info\/web\/wp-content\/uploads\/2014\/11\/20141005_130208.jpg\"><img loading=\"lazy\" decoding=\"async\" class=\"aligncenter size-large wp-image-2830\" alt=\"20141005_130208\" src=\"http:\/\/monteagudo.info\/web\/wp-content\/uploads\/2014\/11\/20141005_130208-1024x768.jpg\" width=\"264\" height=\"199\" srcset=\"https:\/\/monteagudo.info\/web\/wp-content\/uploads\/2014\/11\/20141005_130208-1024x768.jpg 1024w, https:\/\/monteagudo.info\/web\/wp-content\/uploads\/2014\/11\/20141005_130208-300x225.jpg 300w\" sizes=\"auto, (max-width: 264px) 100vw, 264px\" \/><\/a><\/p>\n<p style=\"text-align: left;\"><strong>LOCALIZACI\u00d3N:<\/strong><\/p>\n<p><iframe loading=\"lazy\" style=\"border: 0px none;\" src=\"https:\/\/www.google.com\/maps\/embed?pb=!1m14!1m8!1m3!1d6285.917459535116!2d-1.0893904266783654!3d38.02474159404255!3m2!1i1024!2i768!4f13.1!3m3!1m2!1s0xd63831b2d48eec7%3A0x10c1707c47c14920!2sCalle+San+Jos%C3%A9%2C+17%2C+30160+Murcia%2C+Espa%C3%B1a!5e0!3m2!1ses!2ses!4v1415734196532\" height=\"313\" width=\"418\" frameborder=\"0\"><\/iframe><\/p>\n","protected":false},"excerpt":{"rendered":"<p>Parroquia N.S. Virgen del Rosario C\/ San Jos\u00e9 ,17 La Cueva 30160 Monteagudo P\u00e1rroco: D. Francisco Javier G\u00f3mez Navarro HORARIOS DE MISAS: Domingos: 11 h.<\/p>\n<p style=\"text-align: center;\">\n<p style=\"text-align: left;\">LOCALIZACI\u00d3N:<\/p><\/p>\n","protected":false},"author":2,"featured_media":0,"parent":69,"menu_order":10,"comment_status":"open","ping_status":"open","template":"","meta":{"footnotes":""},"class_list":["post-2824","page","type-page","status-publish","hentry","nodate","item-wrap"],"jetpack_sharing_enabled":true,"_links":{"self":[{"href":"https:\/\/monteagudo.info\/web\/wp-json\/wp\/v2\/pages\/2824","targetHints":{"allow":["GET"]}}],"collection":[{"href":"https:\/\/monteagudo.info\/web\/wp-json\/wp\/v2\/pages"}],"about":[{"href":"https:\/\/monteagudo.info\/web\/wp-json\/wp\/v2\/types\/page"}],"author":[{"embeddable":true,"href":"https:\/\/monteagudo.info\/web\/wp-json\/wp\/v2\/users\/2"}],"replies":[{"embeddable":true,"href":"https:\/\/monteagudo.info\/web\/wp-json\/wp\/v2\/comments?post=2824"}],"version-history":[{"count":5,"href":"https:\/\/monteagudo.info\/web\/wp-json\/wp\/v2\/pages\/2824\/revisions"}],"predecessor-version":[{"id":2832,"href":"https:\/\/monteagudo.info\/web\/wp-json\/wp\/v2\/pages\/2824\/revisions\/2832"}],"up":[{"embeddable":true,"href":"https:\/\/monteagudo.info\/web\/wp-json\/wp\/v2\/pages\/69"}],"wp:attachment":[{"href":"https:\/\/monteagudo.info\/web\/wp-json\/wp\/v2\/media?parent=2824"}],"curies":[{"name":"wp","href":"https:\/\/api.w.org\/{rel}","templated":true}]}}