{"id":2837,"date":"2014-11-18T21:11:52","date_gmt":"2014-11-18T20:11:52","guid":{"rendered":"http:\/\/www.monteagudo.info\/web\/?page_id=2837"},"modified":"2014-11-18T21:31:10","modified_gmt":"2014-11-18T20:31:10","slug":"limpieza-viaria","status":"publish","type":"page","link":"https:\/\/monteagudo.info\/web\/instalaciones-y-servicios\/limpieza-viaria\/","title":{"rendered":"Limpieza Viaria"},"content":{"rendered":"<p>Todas las calles de los n\u00facleos urbanos de la Pedan\u00eda de Monteagudo tienen, al menos, un d\u00eda de limpieza viaria con barrido manual, cuyo detalle se adjunta a continuaci\u00f3n:<\/p>\n\n\t\t<style type=\"text\/css\">\n\t\t\t#gallery-1 {\n\t\t\t\tmargin: auto;\n\t\t\t}\n\t\t\t#gallery-1 .gallery-item {\n\t\t\t\tfloat: left;\n\t\t\t\tmargin-top: 10px;\n\t\t\t\ttext-align: center;\n\t\t\t\twidth: 33%;\n\t\t\t}\n\t\t\t#gallery-1 img {\n\t\t\t\tborder: 2px solid #cfcfcf;\n\t\t\t}\n\t\t\t#gallery-1 .gallery-caption {\n\t\t\t\tmargin-left: 0;\n\t\t\t}\n\t\t\t\/* see gallery_shortcode() in wp-includes\/media.php *\/\n\t\t<\/style>\n\t\t<div id='gallery-1' class='gallery galleryid-2837 gallery-columns-3 gallery-size-thumbnail'><dl class='gallery-item'>\n\t\t\t<dt class='gallery-icon portrait'>\n\t\t\t\t<a href='https:\/\/monteagudo.info\/web\/instalaciones-y-servicios\/limpieza-viaria\/claras-cmnoviejo\/'><img loading=\"lazy\" decoding=\"async\" width=\"150\" height=\"150\" src=\"https:\/\/monteagudo.info\/web\/wp-content\/uploads\/2014\/11\/Claras-CmnoViejo-150x150.jpg\" class=\"attachment-thumbnail size-thumbnail\" alt=\"\" \/><\/a>\n\t\t\t<\/dt><\/dl><dl class='gallery-item'>\n\t\t\t<dt class='gallery-icon landscape'>\n\t\t\t\t<a href='https:\/\/monteagudo.info\/web\/instalaciones-y-servicios\/limpieza-viaria\/collado-parador\/'><img loading=\"lazy\" decoding=\"async\" width=\"150\" height=\"150\" src=\"https:\/\/monteagudo.info\/web\/wp-content\/uploads\/2014\/11\/Collado-Parador-150x150.jpg\" class=\"attachment-thumbnail size-thumbnail\" alt=\"\" \/><\/a>\n\t\t\t<\/dt><\/dl><dl class='gallery-item'>\n\t\t\t<dt class='gallery-icon portrait'>\n\t\t\t\t<a href='https:\/\/monteagudo.info\/web\/instalaciones-y-servicios\/limpieza-viaria\/las-lumbreras\/'><img loading=\"lazy\" decoding=\"async\" width=\"150\" height=\"150\" src=\"https:\/\/monteagudo.info\/web\/wp-content\/uploads\/2014\/11\/Las-Lumbreras-150x150.jpg\" class=\"attachment-thumbnail size-thumbnail\" alt=\"\" \/><\/a>\n\t\t\t<\/dt><\/dl><br style=\"clear: both\" \/><dl class='gallery-item'>\n\t\t\t<dt class='gallery-icon portrait'>\n\t\t\t\t<a href='https:\/\/monteagudo.info\/web\/instalaciones-y-servicios\/limpieza-viaria\/ctra-alicante-senda-portada\/'><img loading=\"lazy\" decoding=\"async\" width=\"150\" height=\"150\" src=\"https:\/\/monteagudo.info\/web\/wp-content\/uploads\/2014\/11\/Ctra.Alicante-Senda-Portada-150x150.jpg\" class=\"attachment-thumbnail size-thumbnail\" alt=\"\" \/><\/a>\n\t\t\t<\/dt><\/dl><dl class='gallery-item'>\n\t\t\t<dt class='gallery-icon portrait'>\n\t\t\t\t<a href='https:\/\/monteagudo.info\/web\/instalaciones-y-servicios\/limpieza-viaria\/monteagudo\/'><img loading=\"lazy\" decoding=\"async\" width=\"150\" height=\"150\" src=\"https:\/\/monteagudo.info\/web\/wp-content\/uploads\/2014\/11\/Monteagudo-150x150.jpg\" class=\"attachment-thumbnail size-thumbnail\" alt=\"\" \/><\/a>\n\t\t\t<\/dt><\/dl><dl class='gallery-item'>\n\t\t\t<dt class='gallery-icon portrait'>\n\t\t\t\t<a href='https:\/\/monteagudo.info\/web\/instalaciones-y-servicios\/limpieza-viaria\/la-cueva\/'><img loading=\"lazy\" decoding=\"async\" width=\"150\" height=\"150\" src=\"https:\/\/monteagudo.info\/web\/wp-content\/uploads\/2014\/11\/La-Cueva-150x150.jpg\" class=\"attachment-thumbnail size-thumbnail\" alt=\"\" \/><\/a>\n\t\t\t<\/dt><\/dl><br style=\"clear: both\" \/>\n\t\t<\/div>\n\n<p>ZONAS:<\/p>\n<p><span style=\"color: #000000;\"><strong><strong><span style=\"color: #ff00ff;\">\u2022<\/span> <\/strong>Lunes: Monteagudo centro<\/strong><\/span><br \/>\n<span style=\"color: #000000;\"><span style=\"color: #ffff00;\"><strong>\u2022<\/strong><\/span> <strong>Martes: Camino Viejo &#8211; Las Claras<\/strong><\/span><br \/>\n<span style=\"color: #000000;\"> <strong> <strong><span style=\"color: #0000ff;\">\u2022<\/span> <\/strong>Mi\u00e9rcoles: Senda de la Portada-Carretera de Alicante<\/strong><\/span><br \/>\n<span style=\"color: #000000;\"><span style=\"color: #00ffff;\"> <strong>\u2022<\/strong><\/span><strong> Jueves: La Cueva<\/strong><\/span><br \/>\n<span style=\"color: #000000;\"><span style=\"color: #ff6600;\"> <strong>\u2022<\/strong><\/span><strong> Viernes: El Collado-Parador<\/strong><\/span><br \/>\n<span style=\"color: #000000;\"><span style=\"color: #339966;\"> <strong>\u2022<\/strong><\/span><strong> S\u00e1bado: Las Lumbreras<\/strong><\/span><\/p>\n<p>&nbsp;<\/p>\n<p>Proximamente se incluir\u00e1 la informaci\u00f3n de la limpieza con medios mec\u00e1nicos.<\/p>\n<p>&nbsp;<\/p>\n","protected":false},"excerpt":{"rendered":"<p>Todas las calles de los n\u00facleos urbanos de la Pedan\u00eda de Monteagudo tienen, al menos, un d\u00eda de limpieza viaria con barrido manual, cuyo detalle se adjunta a continuaci\u00f3n:<\/p>\n<p>ZONAS:<\/p>\n<p>\u2022 Lunes: Monteagudo centro<br \/> \u2022 Martes: Camino Viejo &#8211; Las Claras<br \/> \u2022 Mi\u00e9rcoles: Senda de la Portada-Carretera de Alicante<br \/> \u2022 Jueves: La &hellip; <\/p>\n<p><a class=\"more-link btn\" href=\"https:\/\/monteagudo.info\/web\/instalaciones-y-servicios\/limpieza-viaria\/\">Seguir leyendo<\/a><\/p>\n","protected":false},"author":2,"featured_media":0,"parent":69,"menu_order":15,"comment_status":"open","ping_status":"open","template":"","meta":{"footnotes":""},"class_list":["post-2837","page","type-page","status-publish","hentry","nodate","item-wrap"],"jetpack_sharing_enabled":true,"_links":{"self":[{"href":"https:\/\/monteagudo.info\/web\/wp-json\/wp\/v2\/pages\/2837","targetHints":{"allow":["GET"]}}],"collection":[{"href":"https:\/\/monteagudo.info\/web\/wp-json\/wp\/v2\/pages"}],"about":[{"href":"https:\/\/monteagudo.info\/web\/wp-json\/wp\/v2\/types\/page"}],"author":[{"embeddable":true,"href":"https:\/\/monteagudo.info\/web\/wp-json\/wp\/v2\/users\/2"}],"replies":[{"embeddable":true,"href":"https:\/\/monteagudo.info\/web\/wp-json\/wp\/v2\/comments?post=2837"}],"version-history":[{"count":6,"href":"https:\/\/monteagudo.info\/web\/wp-json\/wp\/v2\/pages\/2837\/revisions"}],"predecessor-version":[{"id":2852,"href":"https:\/\/monteagudo.info\/web\/wp-json\/wp\/v2\/pages\/2837\/revisions\/2852"}],"up":[{"embeddable":true,"href":"https:\/\/monteagudo.info\/web\/wp-json\/wp\/v2\/pages\/69"}],"wp:attachment":[{"href":"https:\/\/monteagudo.info\/web\/wp-json\/wp\/v2\/media?parent=2837"}],"curies":[{"name":"wp","href":"https:\/\/api.w.org\/{rel}","templated":true}]}}