{"id":3492,"date":"2015-05-19T20:49:29","date_gmt":"2015-05-19T18:49:29","guid":{"rendered":"http:\/\/www.monteagudo.info\/web\/?page_id=3492"},"modified":"2020-03-17T21:58:22","modified_gmt":"2020-03-17T20:58:22","slug":"batucada-kalimba","status":"publish","type":"page","link":"https:\/\/monteagudo.info\/web\/asociaciones\/batucada-kalimba\/","title":{"rendered":"Batucada Kalimba"},"content":{"rendered":"<p><img loading=\"lazy\" decoding=\"async\" class=\"aligncenter wp-image-4498 \" src=\"http:\/\/monteagudo.info\/web\/wp-content\/uploads\/2020\/03\/Kalimba-batukada-logo-e1584477923475-1024x483.png\" alt=\"\" width=\"421\" height=\"199\" srcset=\"https:\/\/monteagudo.info\/web\/wp-content\/uploads\/2020\/03\/Kalimba-batukada-logo-e1584477923475-1024x483.png 1024w, https:\/\/monteagudo.info\/web\/wp-content\/uploads\/2020\/03\/Kalimba-batukada-logo-e1584477923475-300x142.png 300w, https:\/\/monteagudo.info\/web\/wp-content\/uploads\/2020\/03\/Kalimba-batukada-logo-e1584477923475-768x362.png 768w, https:\/\/monteagudo.info\/web\/wp-content\/uploads\/2020\/03\/Kalimba-batukada-logo-e1584477923475.png 1280w\" sizes=\"auto, (max-width: 421px) 100vw, 421px\" \/><\/p>\n<p style=\"text-align: justify;\">Kalimba es un proyecto musical y art\u00edstico que nace en Murcia a comienzos del a\u00f1o 2015. Su objetivo principal era el de acercar la percusi\u00f3n a personas de todas las edades, por lo que llevaron a cabo la creaci\u00f3n de una escuela-taller de batucada para ni\u00f1os, j\u00f3venes y adultos, siendo todo un \u00e9xito en los alrededores y que muy pronto comenz\u00f3 a mostrar sus primeros espect\u00e1culos en las calles recibiendo una gran acogida por parte del p\u00fablico.<\/p>\n<p><img loading=\"lazy\" decoding=\"async\" class=\"aligncenter wp-image-4501 size-large\" src=\"http:\/\/monteagudo.info\/web\/wp-content\/uploads\/2020\/03\/kalimba-batucada-Blue-Arrow-scaled-e1584478040610-1024x535.jpg\" alt=\"\" width=\"555\" height=\"290\" srcset=\"https:\/\/monteagudo.info\/web\/wp-content\/uploads\/2020\/03\/kalimba-batucada-Blue-Arrow-scaled-e1584478040610-1024x535.jpg 1024w, https:\/\/monteagudo.info\/web\/wp-content\/uploads\/2020\/03\/kalimba-batucada-Blue-Arrow-scaled-e1584478040610-300x157.jpg 300w, https:\/\/monteagudo.info\/web\/wp-content\/uploads\/2020\/03\/kalimba-batucada-Blue-Arrow-scaled-e1584478040610-768x401.jpg 768w, https:\/\/monteagudo.info\/web\/wp-content\/uploads\/2020\/03\/kalimba-batucada-Blue-Arrow-scaled-e1584478040610-1536x802.jpg 1536w, https:\/\/monteagudo.info\/web\/wp-content\/uploads\/2020\/03\/kalimba-batucada-Blue-Arrow-scaled-e1584478040610-2048x1070.jpg 2048w\" sizes=\"auto, (max-width: 555px) 100vw, 555px\" \/><\/p>\n<p style=\"text-align: justify;\">Actualmente est\u00e1 formada por Kalimba Junior, Kalimba Youth, Kalimbra Pre y Kalimba Pro y ofrece espect\u00e1culos de percusi\u00f3n protagonizados por ni\u00f1os, j\u00f3venes y adultos basados en la percusi\u00f3n afro-brasile\u00f1a y latina.<\/p>\n<p style=\"text-align: justify;\">El grupo Kalimba llena de energ\u00eda, alegr\u00eda y color todo tipo de eventos: pasacalles, funciones, bodas, presentacionesy multitud de fiestas privadas; siempre adapt\u00e1ndose a las peticiones y necesidades del momento, contando con varios vestuarios y complementos incluyendo juegos de luces en los instrumentos, pirotecnia y confeti.<\/p>\n<p style=\"text-align: center;\"><strong>Contacto: <\/strong><strong>&#x1f4de; 691 561 681 <\/strong><strong>&#x1f4e7; <a href=\"mailto:kalimba.batucada@gmail.com\" target=\"_blank\" rel=\"noopener noreferrer\">kalimba.batucada@<span class=\"il\">gmail.com<\/span><\/a><\/strong><\/p>\n<p style=\"text-align: center;\">S\u00edguelos en sus redes sociales para estar al d\u00eda de sus actividades.<\/p>\n<p style=\"text-align: center;\"><a href=\"https:\/\/es-es.facebook.com\/BatucadaKalimba\/\" target=\"_blank\" rel=\"noopener noreferrer\">Facebook<\/a> |\u00a0<a href=\"https:\/\/twitter.com\/batucadakalimba\" target=\"_blank\" rel=\"noopener noreferrer\">Twitter<\/a> |\u00a0<a href=\"https:\/\/www.instagram.com\/kalimbabatucada\/p\/Boo93ovAgk5\/\" target=\"_blank\" rel=\"noopener noreferrer\">Instagram<\/a> |\u00a0<a href=\"https:\/\/www.youtube.com\/channel\/UCPw7B4N9VsSEfeaLKfKp7CQ\" target=\"_blank\" rel=\"noopener noreferrer\">Youtube<\/a><\/p>\n<p><img loading=\"lazy\" decoding=\"async\" class=\"aligncenter size-large wp-image-4503\" src=\"http:\/\/monteagudo.info\/web\/wp-content\/uploads\/2020\/03\/C7A8666-12-1024x647.jpg\" alt=\"\" width=\"555\" height=\"351\" srcset=\"https:\/\/monteagudo.info\/web\/wp-content\/uploads\/2020\/03\/C7A8666-12-1024x647.jpg 1024w, https:\/\/monteagudo.info\/web\/wp-content\/uploads\/2020\/03\/C7A8666-12-300x189.jpg 300w, https:\/\/monteagudo.info\/web\/wp-content\/uploads\/2020\/03\/C7A8666-12-768x485.jpg 768w, https:\/\/monteagudo.info\/web\/wp-content\/uploads\/2020\/03\/C7A8666-12-1536x970.jpg 1536w, https:\/\/monteagudo.info\/web\/wp-content\/uploads\/2020\/03\/C7A8666-12-2048x1293.jpg 2048w\" sizes=\"auto, (max-width: 555px) 100vw, 555px\" \/><img loading=\"lazy\" decoding=\"async\" class=\"aligncenter size-full wp-image-4506\" src=\"http:\/\/monteagudo.info\/web\/wp-content\/uploads\/2020\/03\/Vestuario-marr\u00f3n_01.jpg\" alt=\"\" width=\"850\" height=\"768\" srcset=\"https:\/\/monteagudo.info\/web\/wp-content\/uploads\/2020\/03\/Vestuario-marr\u00f3n_01.jpg 850w, https:\/\/monteagudo.info\/web\/wp-content\/uploads\/2020\/03\/Vestuario-marr\u00f3n_01-300x271.jpg 300w, https:\/\/monteagudo.info\/web\/wp-content\/uploads\/2020\/03\/Vestuario-marr\u00f3n_01-768x694.jpg 768w\" sizes=\"auto, (max-width: 850px) 100vw, 850px\" \/> <img loading=\"lazy\" decoding=\"async\" class=\"aligncenter size-large wp-image-4507\" src=\"http:\/\/monteagudo.info\/web\/wp-content\/uploads\/2020\/03\/WhatsApp-Image-2019-06-19-at-16.42.28-1024x1024.jpeg\" alt=\"\" width=\"555\" height=\"555\" srcset=\"https:\/\/monteagudo.info\/web\/wp-content\/uploads\/2020\/03\/WhatsApp-Image-2019-06-19-at-16.42.28-1024x1024.jpeg 1024w, https:\/\/monteagudo.info\/web\/wp-content\/uploads\/2020\/03\/WhatsApp-Image-2019-06-19-at-16.42.28-300x300.jpeg 300w, https:\/\/monteagudo.info\/web\/wp-content\/uploads\/2020\/03\/WhatsApp-Image-2019-06-19-at-16.42.28-150x150.jpeg 150w, https:\/\/monteagudo.info\/web\/wp-content\/uploads\/2020\/03\/WhatsApp-Image-2019-06-19-at-16.42.28-768x768.jpeg 768w, https:\/\/monteagudo.info\/web\/wp-content\/uploads\/2020\/03\/WhatsApp-Image-2019-06-19-at-16.42.28.jpeg 1056w\" sizes=\"auto, (max-width: 555px) 100vw, 555px\" \/><\/p>\n","protected":false},"excerpt":{"rendered":"<\/p>\n<p style=\"text-align: justify;\">Kalimba es un proyecto musical y art\u00edstico que nace en Murcia a comienzos del a\u00f1o 2015. Su objetivo principal era el de acercar la percusi\u00f3n a personas de todas las edades, por lo que llevaron a cabo la creaci\u00f3n de una escuela-taller de batucada para ni\u00f1os, j\u00f3venes y adultos, siendo todo un &hellip; <\/p>\n<p><a class=\"more-link btn\" href=\"https:\/\/monteagudo.info\/web\/asociaciones\/batucada-kalimba\/\">Seguir leyendo<\/a><\/p>\n","protected":false},"author":2,"featured_media":0,"parent":404,"menu_order":2,"comment_status":"open","ping_status":"open","template":"","meta":{"footnotes":""},"class_list":["post-3492","page","type-page","status-publish","hentry","nodate","item-wrap"],"jetpack_sharing_enabled":true,"_links":{"self":[{"href":"https:\/\/monteagudo.info\/web\/wp-json\/wp\/v2\/pages\/3492","targetHints":{"allow":["GET"]}}],"collection":[{"href":"https:\/\/monteagudo.info\/web\/wp-json\/wp\/v2\/pages"}],"about":[{"href":"https:\/\/monteagudo.info\/web\/wp-json\/wp\/v2\/types\/page"}],"author":[{"embeddable":true,"href":"https:\/\/monteagudo.info\/web\/wp-json\/wp\/v2\/users\/2"}],"replies":[{"embeddable":true,"href":"https:\/\/monteagudo.info\/web\/wp-json\/wp\/v2\/comments?post=3492"}],"version-history":[{"count":15,"href":"https:\/\/monteagudo.info\/web\/wp-json\/wp\/v2\/pages\/3492\/revisions"}],"predecessor-version":[{"id":4511,"href":"https:\/\/monteagudo.info\/web\/wp-json\/wp\/v2\/pages\/3492\/revisions\/4511"}],"up":[{"embeddable":true,"href":"https:\/\/monteagudo.info\/web\/wp-json\/wp\/v2\/pages\/404"}],"wp:attachment":[{"href":"https:\/\/monteagudo.info\/web\/wp-json\/wp\/v2\/media?parent=3492"}],"curies":[{"name":"wp","href":"https:\/\/api.w.org\/{rel}","templated":true}]}}