{"id":38,"date":"2012-03-23T21:53:59","date_gmt":"2012-03-23T20:53:59","guid":{"rendered":"http:\/\/monteagudo.info\/web\/?page_id=38"},"modified":"2021-03-08T14:01:12","modified_gmt":"2021-03-08T13:01:12","slug":"oficina-municipal-2","status":"publish","type":"page","link":"https:\/\/monteagudo.info\/web\/instalaciones-y-servicios\/oficina-municipal-2\/","title":{"rendered":"Oficina Municipal"},"content":{"rendered":"<p>En la Oficina Municipal se pueden hacer, entre otras, las siguientes gestiones:<\/p>\n<p>&#8211; Altas, bajas, modificaciones y certificados de <span style=\"text-decoration: underline;\">empadronamiento<\/span>.<\/p>\n<p>&#8211; <span style=\"text-decoration: underline;\">Registro de documentos<\/span> dirigido a cualquier instancia municipal.<\/p>\n<p>&#8211; Solicitud de <span style=\"text-decoration: underline;\">permisos de obra menor<\/span>.<\/p>\n<p><strong><span style=\"color: #ff0000;\">HORARIO PROVISIONAL COVID<\/span><\/strong><\/p>\n<p>Mientras seguimos en la situaci\u00f3n excepcional sanitaria provocada por la pandemia covid, la oficina dispondr\u00e1 de un horario especial y se requerir\u00e1 cita previa para realizar las gestiones.<\/p>\n<p>Los canales para solicitar la cita previa son: <strong><a href=\"https:\/\/www.murcia.es\/web\/portal\/cita-previa\/citapreviaurb\/\" target=\"_blank\" rel=\"noopener noreferrer\">https:\/\/www.murcia.es\/web\/portal\/cita-previa\/citapreviaurb\/<\/a><\/strong>, as\u00ed como los tel\u00e9fonos <strong>010<\/strong> o <strong>968 22 95 49<\/strong>, si se llama fuera del t\u00e9rmino municipal.<\/p>\n<p class=\"Cuerpo\"><strong>Horario provisional:<\/strong><\/p>\n<p class=\"Cuerpo\">&#8211; Lunes, de 12.00 a 14.00 horas; y mi\u00e9rcoles y viernes, de 9.00 a 14.00 horas.<\/p>\n<p>&nbsp;<\/p>\n<p><del><strong>HORARIO: <\/strong><\/del><strong>(No aplicable durante la pandemia)<\/strong><\/p>\n<p><del>LUNES, MIERCOLES Y VIERNES DE 9 A 14 h.<\/del><\/p>\n<p>&nbsp;<\/p>\n<p><strong>Direcci\u00f3n:<\/strong><br \/>\nAvenida de la Constituci\u00f3n ,6.<br \/>\n30160 Monteagudo<br \/>\nMurcia<\/p>\n<p><strong>Tel\u00e9fono\/fax:<\/strong> 968-85-23-98<\/p>\n","protected":false},"excerpt":{"rendered":"<p>En la Oficina Municipal se pueden hacer, entre otras, las siguientes gestiones:<\/p>\n<p>&#8211; Altas, bajas, modificaciones y certificados de empadronamiento.<\/p>\n<p>&#8211; Registro de documentos dirigido a cualquier instancia municipal.<\/p>\n<p>&#8211; Solicitud de permisos de obra menor.<\/p>\n<p>HORARIO PROVISIONAL COVID<\/p>\n<p>Mientras seguimos en la situaci\u00f3n excepcional sanitaria provocada por la pandemia covid, la oficina dispondr\u00e1 de &hellip; <\/p>\n<p><a class=\"more-link btn\" href=\"https:\/\/monteagudo.info\/web\/instalaciones-y-servicios\/oficina-municipal-2\/\">Seguir leyendo<\/a><\/p>\n","protected":false},"author":1,"featured_media":0,"parent":69,"menu_order":1,"comment_status":"closed","ping_status":"closed","template":"","meta":{"footnotes":""},"class_list":["post-38","page","type-page","status-publish","hentry","nodate","item-wrap"],"jetpack_sharing_enabled":true,"_links":{"self":[{"href":"https:\/\/monteagudo.info\/web\/wp-json\/wp\/v2\/pages\/38","targetHints":{"allow":["GET"]}}],"collection":[{"href":"https:\/\/monteagudo.info\/web\/wp-json\/wp\/v2\/pages"}],"about":[{"href":"https:\/\/monteagudo.info\/web\/wp-json\/wp\/v2\/types\/page"}],"author":[{"embeddable":true,"href":"https:\/\/monteagudo.info\/web\/wp-json\/wp\/v2\/users\/1"}],"replies":[{"embeddable":true,"href":"https:\/\/monteagudo.info\/web\/wp-json\/wp\/v2\/comments?post=38"}],"version-history":[{"count":10,"href":"https:\/\/monteagudo.info\/web\/wp-json\/wp\/v2\/pages\/38\/revisions"}],"predecessor-version":[{"id":4723,"href":"https:\/\/monteagudo.info\/web\/wp-json\/wp\/v2\/pages\/38\/revisions\/4723"}],"up":[{"embeddable":true,"href":"https:\/\/monteagudo.info\/web\/wp-json\/wp\/v2\/pages\/69"}],"wp:attachment":[{"href":"https:\/\/monteagudo.info\/web\/wp-json\/wp\/v2\/media?parent=38"}],"curies":[{"name":"wp","href":"https:\/\/api.w.org\/{rel}","templated":true}]}}