{"id":391,"date":"2012-05-16T12:47:28","date_gmt":"2012-05-16T10:47:28","guid":{"rendered":"http:\/\/www.monteagudo.info\/web\/?page_id=391"},"modified":"2025-03-04T10:07:57","modified_gmt":"2025-03-04T09:07:57","slug":"cofradia","status":"publish","type":"page","link":"https:\/\/monteagudo.info\/web\/asociaciones\/cofradia\/","title":{"rendered":"Cofrad\u00eda Nazarena"},"content":{"rendered":"<p><strong>La Muy Ilustre y Venerable Cofrad\u00eda del Stmo. Cristo del Calvario y Mar\u00eda Stma. de los Dolores<\/strong> de la localidad de Monteagudo (Murcia) fue erigida can\u00f3nicamente el 23 de septiembre de 2005 por el Administrador Apost\u00f3lico de Cartagena D. Manuel Ure\u00f1a Pastor como Asociaci\u00f3n P\u00fablica de Fieles, con el fin, entre otros explicados en sus Estatutos, de \u00abdar culto p\u00fablico a los Misterios de nuestra Redenci\u00f3n\u00bb. Establecida desde su fundaci\u00f3n en la Parroquia de Ntra. Sra. de la Antigua de Monteagudo, fue un grupo de cinco j\u00f3venes, animados por el p\u00e1rroco de Santa Mar\u00eda de la Antigua, Rvdo. Sr. D. Gabriel Bastida Rodr\u00edguez, quienes la idearon, dieron forma e incorporan la advocaci\u00f3n de <strong>Stmo. Cristo del Calvario<\/strong>, nombre de la imagen titular, inexistente hasta ese momento, constituyendo la primera Junta de Gobierno.<\/p>\n<p>El 2 de abril de 2006, en la solemne celebraci\u00f3n de la Eucarist\u00eda presidida por el Obispo Em\u00e9rito de la Di\u00f3cesis de Cartagena, D. Javier Azagra, se presenta la Cofrad\u00eda Nazarena de Monteagudo. Hermanada con la Real y Muy Ilustre Cofrad\u00eda del Santo Sepulcro de Ntro. Se\u00f1or Jesucristo (a\u00f1o 2007) y con la Real y Muy Ilustre, Venerable y Antiqu\u00edsima Archicofrad\u00eda de la Precios\u00edsima Sangre de Ntro. Se\u00f1or Jesucristo (a\u00f1o 2011), ambas, de la ciudad de Murcia, esta Cofrad\u00eda cuenta hasta el a\u00f1o 2012 con 185 Hermanos-Cofrades.<\/p>\n<p>La Casa de la Cofrad\u00eda, bendecida por su Consiliario en la festividad del Bautismo de Ntro. Se\u00f1or del 2009, se encuentra ubicada en el Centro Municipal \u201cEl Collado\u201d de Monteagudo. En ella se realizan las distintas reuniones de este Colectivo de Fieles y se guardan sus enseres.<\/p>\n<p>Es en la tarde-noche de <strong>Jueves Santo<\/strong>, donde esta Cofrad\u00eda constituye la m\u00e1xima expresi\u00f3n de promoci\u00f3n del culto a sus Sagrados Titulares, en la que oscuridad, silencio, respeto, saeta, tambores, violines, y el ag\u00f3nico sonido de la campana mayor de Monteagudo, configuran la solemne procesi\u00f3n penitencial de la Pasi\u00f3n de Ntro. Se\u00f1or Jesucristo por las calles de Monteagudo. Procesi\u00f3n, que en sus inicios forma el cortejo procesional con la imagen del Stmo. Cristo del Calvario (imagen de los a\u00f1os cincuenta procedente de Olot \u2013Gerona\u2013 y restaurada en el a\u00f1o 2008 en la ciudad de Valencia por el prestigioso artista D. Pedro Arrue de Mora) y la imagen de Mar\u00eda Stma. de los Dolores (talla de vestir de los a\u00f1os cuarenta donada a la parroquia por una vecina de la localidad y realizada en los talleres Noguera, restaurada en el a\u00f1o 2008 por D. Pedro Arrue). En el a\u00f1o 2007, la Cofrad\u00eda completa el cortejo procesional incluyendo una imagen (de peque\u00f1o tama\u00f1o) de Jes\u00fas Nazareno, propiedad de un particular que presta a este Colectivo para que procesione cada Jueves Santo. Gracias a la generosidad de de una familia vecina de Monteagudo y consciente de este pr\u00e9stamo, encarga al escultor ciezano D. Antonio Jes\u00fas Yuste Navarro y dona a la Parroquia de Ntra. Sra. de la Antigua para que la Cofrad\u00eda la incluya en el cortejo procesional de Jueves Santo, la imagen de Ntro. Se\u00f1or Jesucristo Nazareno de la Mirada, la cual, hizo su entrada por primera vez al Templo Parroquial y fue bendecida por el Delegado Diocesano de Hermandades y Cofrad\u00edas de Murcia, D. Silvestre del Amor, el cinco de marzo de 2009.<\/p>\n<p>Tambi\u00e9n en el a\u00f1o 2011, el quince de abril, se presenta y bendice la imagen del Stmo. Cristo de los Desamparados, obra del maestro escultor murciano D. Jos\u00e9 Antonio Hern\u00e1ndez Navarro. Imagen (en dep\u00f3sito en la iglesia parroquial de Monteagudo de propiedad privada) que procesiona esta Cofrad\u00eda la noche de Viernes de Dolores con la particularidad de que, en el transcurso de la Procesi\u00f3n se da lectura al Juicio de Ntro. Se\u00f1or Jesucristo, y el cortejo procesional transcurre al son de tres tambores sordos. Con esta \u00faltima imagen, la Cofrad\u00eda del Cristo del Calvario completa hasta la fecha su conjunto art\u00edstico.<\/p>\n<p>El a\u00f1o lit\u00fargico comienza para esta Penitencial con la celebraci\u00f3n de la Imposici\u00f3n de la Ceniza el mi\u00e9rcoles del mismo nombre y posterior rezo del Santo V\u00eda Crucis con la imagen de Mar\u00eda Stma. de la Trinidad (imagen particular venerada en la iglesia Ntra. Sra. de la Antigua de Monteagudo) por las calles de la localidad.<\/p>\n<p>Desde el a\u00f1o 2011, el primer viernes de marzo se procede a la exposici\u00f3n en Solemne Besapi\u00e9 de la imagen del Nazareno de la Mirada, exposici\u00f3n del Sant\u00edsimo Sacramento y celebraci\u00f3n de la Santa Misa. Desde la fundaci\u00f3n de la Cofrad\u00eda, el <strong>Preg\u00f3n de la Semana Santa de Monteagudo<\/strong> (con la participaci\u00f3n de la Banda de Tambores y Cornetas de la localidad, los tercios de Damas Alumbrantes y Descubrimiento del Cartel Anunciador) y el <strong>Descendimiento del Stmo. Cristo del Calvario<\/strong> (con los tambores sordos y carros &#8211; bocinas que entonan las \u201cBurlas Murcianas\u201d) son las rese\u00f1as de identidad propia por la que se distingue este colectivo. Destacar como pregoneros de la Semana Santa de Monteagudo a D\u00f1a M\u00aa Teresa Mar\u00edn, Directora del Museo Salzillo de Murcia, D. Jos\u00e9 Ballesta, Decano de la Universidad de Murcia, D. Ram\u00f3n Luis Valc\u00e1rcel, Presidente de la Regi\u00f3n de Murcia, D. Miguel \u00c1ngel C\u00e1mara, Alcalde de la ciudad de Murcia y D. Alberto Castillo, Director de Informativos, Cadena SER, en Murcia, entre otros. Tambi\u00e9n, hacer menci\u00f3n a la figura del Cofrade del a\u00f1o. Nombramiento que normalmente recae sobre los Hermanos\u2013Cofrades que han destacado a lo largo del a\u00f1o por alguna particularidad con la Cofrad\u00eda o Parroquia de Monteagudo. Distinciones que se hacen p\u00fablicas en la celebraci\u00f3n del Preg\u00f3n de Semana Santa, al igual que la proclamaci\u00f3n del Cofrade Bienhechor del a\u00f1o, galard\u00f3n que ha reca\u00eddo en personas como D\u00f1a. Paloma Reverte de Luis, Directora del diario \u201cLa Opini\u00f3n\u201d de Murcia, o D. Rafael G\u00f3mez, Concejal de Cultura del Ayuntamiento de Murcia.<\/p>\n<p>Coincidiendo con los tres viernes de Cuaresma antes de Viernes de Dolores, la Cofrad\u00eda realiza el Triduo al Stmo. Cristo del Calvario con el solemne rezo del Santo V\u00eda Crucis portando la imagen del titular a los distintos barrios de Monteagudo y posterior celebraci\u00f3n de la Eucarist\u00eda en estas barriadas en los que participan los distintos Grupos Parroquiales y vecinos, con la intenci\u00f3n de recoger el m\u00e1ximo n\u00famero de alimentos para CARITAS. Al t\u00e9rmino de la Eucarist\u00eda, los vecinos de cada barriada preparan para todos los asistentes una degustaci\u00f3n de dulces t\u00edpicos de la huerta como bu\u00f1uelos, paparajotes, bizcochos,&#8230; acompa\u00f1ados de chocolate y vino dulce.<br \/>\n<strong>Vienes de Dolores<\/strong>, la imagen de Mar\u00eda Stma. de los Dolores queda expuesta en Solemne y Devoto Besamanos. Se celebra la Santa Misa en la que se recuerda a todos los difuntos de Monteagudo del \u00faltimo a\u00f1o, culminando esta celebraci\u00f3n con la Imposici\u00f3n de Medallas a los nuevos componentes de la Cofrad\u00eda. Como se ha indicado anteriormente, finalizada la Sagrada Eucarist\u00eda da comienzo la Procesi\u00f3n del Juicio a Ntro. Se\u00f1or.<\/p>\n<p>Uno de los d\u00edas se\u00f1alados y entra\u00f1ables para esta Cofrad\u00eda Nazarena es el <strong>Domingo de Ramos<\/strong> con la Bendici\u00f3n de Ramos y Palmas en la Ermita de San Cayetano y posterior \u201cProcesi\u00f3n de la Burrica\u201d, en la que adultos y ni\u00f1os rememoran la entrada de Jesucristo en Jerusal\u00e9n con alabanzas y cantos durante el transcurso de la Procesi\u00f3n al Templo Parroquial, en la que el protagonista de este cortejo procesional es un pollino montado por un ni\u00f1o que representa a Ntro. Se\u00f1or. Al t\u00e9rmino de la procesi\u00f3n, tiene lugar la Solemne Celebraci\u00f3n de la Eucarist\u00eda. Para este d\u00eda, la Iglesia de Santa Mar\u00eda de la Antigua se engalana tanto suelo como altar por palmas, ramas de olivo, alfombras, mantos e incienso.<\/p>\n<p>La Ilustre Cofrad\u00eda del Stmo. Cristo del Calvario participa durante todo el a\u00f1o en las distintas actividades que organiza la Parroquia de Ntra. Sra. de la Antigua de Monteagudo y Grupos Parroquiales, al igual que se encarga del montaje y organizaci\u00f3n de la Procesi\u00f3n de la Inmaculada Concepci\u00f3n el d\u00eda de su festividad. Destacar la festividad del Corpus Christi en el que este Colectivo realiza el tradicional Altar (en el que innovaci\u00f3n, participaci\u00f3n y superaci\u00f3n es el est\u00edmulo dominante) en la calle Mart\u00ednez Costa de Monteagudo al Sant\u00edsimo Sacramento. En septiembre, la Cofrad\u00eda Pasionaria de Monteagudo conmemora la festividad de la Exaltaci\u00f3n de la Cruz y la festividad de Ntra. Sra. de los Dolores.<\/p>\n","protected":false},"excerpt":{"rendered":"<p>La Muy Ilustre y Venerable Cofrad\u00eda del Stmo. Cristo del Calvario y Mar\u00eda Stma. de los Dolores de la localidad de Monteagudo (Murcia) fue erigida can\u00f3nicamente el 23 de septiembre de 2005 por el Administrador Apost\u00f3lico de Cartagena D. Manuel Ure\u00f1a Pastor como Asociaci\u00f3n P\u00fablica de Fieles, con el fin, entre otros explicados en sus &hellip; <\/p>\n<p><a class=\"more-link btn\" href=\"https:\/\/monteagudo.info\/web\/asociaciones\/cofradia\/\">Seguir leyendo<\/a><\/p>\n","protected":false},"author":6,"featured_media":0,"parent":404,"menu_order":3,"comment_status":"open","ping_status":"closed","template":"","meta":{"footnotes":""},"class_list":["post-391","page","type-page","status-publish","hentry","nodate","item-wrap"],"jetpack_sharing_enabled":true,"_links":{"self":[{"href":"https:\/\/monteagudo.info\/web\/wp-json\/wp\/v2\/pages\/391","targetHints":{"allow":["GET"]}}],"collection":[{"href":"https:\/\/monteagudo.info\/web\/wp-json\/wp\/v2\/pages"}],"about":[{"href":"https:\/\/monteagudo.info\/web\/wp-json\/wp\/v2\/types\/page"}],"author":[{"embeddable":true,"href":"https:\/\/monteagudo.info\/web\/wp-json\/wp\/v2\/users\/6"}],"replies":[{"embeddable":true,"href":"https:\/\/monteagudo.info\/web\/wp-json\/wp\/v2\/comments?post=391"}],"version-history":[{"count":17,"href":"https:\/\/monteagudo.info\/web\/wp-json\/wp\/v2\/pages\/391\/revisions"}],"predecessor-version":[{"id":5859,"href":"https:\/\/monteagudo.info\/web\/wp-json\/wp\/v2\/pages\/391\/revisions\/5859"}],"up":[{"embeddable":true,"href":"https:\/\/monteagudo.info\/web\/wp-json\/wp\/v2\/pages\/404"}],"wp:attachment":[{"href":"https:\/\/monteagudo.info\/web\/wp-json\/wp\/v2\/media?parent=391"}],"curies":[{"name":"wp","href":"https:\/\/api.w.org\/{rel}","templated":true}]}}