{"id":40,"date":"2012-03-23T21:54:26","date_gmt":"2012-03-23T20:54:26","guid":{"rendered":"http:\/\/monteagudo.info\/web\/?page_id=40"},"modified":"2021-05-24T19:40:14","modified_gmt":"2021-05-24T17:40:14","slug":"centro-cultural","status":"publish","type":"page","link":"https:\/\/monteagudo.info\/web\/instalaciones-y-servicios\/centro-cultural\/","title":{"rendered":"Centro Cultural"},"content":{"rendered":"<p><img loading=\"lazy\" decoding=\"async\" class=\"aligncenter size-full wp-image-2458\" src=\"http:\/\/monteagudo.info\/web\/wp-content\/uploads\/2014\/05\/Centro-Municipal-Monteagudo.jpg\" alt=\"\" width=\"823\" height=\"533\" srcset=\"https:\/\/monteagudo.info\/web\/wp-content\/uploads\/2014\/05\/Centro-Municipal-Monteagudo.jpg 823w, https:\/\/monteagudo.info\/web\/wp-content\/uploads\/2014\/05\/Centro-Municipal-Monteagudo-300x194.jpg 300w\" sizes=\"auto, (max-width: 823px) 100vw, 823px\" \/><br \/>\n<strong>Direcci\u00f3n: <\/strong><\/p>\n<p>Avda. Pr\u00edncipe de Asturias n\u00ba 44<br \/>\n30160 Monteagudo<br \/>\nMurcia<br \/>\nTel\u00e9fono: 968 851 836<\/p>\n<p>centrocultural.monteagudo@ayto-murcia.es<\/p>\n<blockquote>\n<div dir=\"ltr\"><span style=\"font-size: 16px;\">COORDINADORA: Marina Beltr\u00e1n<\/span><\/div>\n<\/blockquote>\n<div dir=\"ltr\"><\/div>\n<div dir=\"ltr\">Puedes consultar la programaci\u00f3n de cursos, talleres y dem\u00e1s actividades programadas en el Centro Cultural en:<\/div>\n<div dir=\"ltr\"><span style=\"color: #3366ff;\"><strong><a href=\"http:\/\/www.enclavecultura.com\/agenda\/agenda-centros-culturales.php\" target=\"_blank\" rel=\"noopener noreferrer\">Agenda Centros Culturales<\/a><br \/>\n<\/strong><\/span><\/div>\n<p>&nbsp;<\/p>\n<p>&nbsp;<\/p>\n","protected":false},"excerpt":{"rendered":"<p> Direcci\u00f3n: <\/p>\n<p>Avda. Pr\u00edncipe de Asturias n\u00ba 44<br \/> 30160 Monteagudo<br \/> Murcia<br \/> Tel\u00e9fono: 968 851 836<\/p>\n<p>centrocultural.monteagudo@ayto-murcia.es<\/p>\n<p> COORDINADORA: Marina Beltr\u00e1n Puedes consultar la programaci\u00f3n de cursos, talleres y dem\u00e1s actividades programadas en el Centro Cultural en: Agenda Centros Culturales <\/p>\n<p>&nbsp;<\/p>\n<p>&nbsp;<\/p>\n","protected":false},"author":1,"featured_media":0,"parent":69,"menu_order":2,"comment_status":"closed","ping_status":"closed","template":"","meta":{"footnotes":""},"class_list":["post-40","page","type-page","status-publish","hentry","nodate","item-wrap"],"jetpack_sharing_enabled":true,"_links":{"self":[{"href":"https:\/\/monteagudo.info\/web\/wp-json\/wp\/v2\/pages\/40","targetHints":{"allow":["GET"]}}],"collection":[{"href":"https:\/\/monteagudo.info\/web\/wp-json\/wp\/v2\/pages"}],"about":[{"href":"https:\/\/monteagudo.info\/web\/wp-json\/wp\/v2\/types\/page"}],"author":[{"embeddable":true,"href":"https:\/\/monteagudo.info\/web\/wp-json\/wp\/v2\/users\/1"}],"replies":[{"embeddable":true,"href":"https:\/\/monteagudo.info\/web\/wp-json\/wp\/v2\/comments?post=40"}],"version-history":[{"count":18,"href":"https:\/\/monteagudo.info\/web\/wp-json\/wp\/v2\/pages\/40\/revisions"}],"predecessor-version":[{"id":4743,"href":"https:\/\/monteagudo.info\/web\/wp-json\/wp\/v2\/pages\/40\/revisions\/4743"}],"up":[{"embeddable":true,"href":"https:\/\/monteagudo.info\/web\/wp-json\/wp\/v2\/pages\/69"}],"wp:attachment":[{"href":"https:\/\/monteagudo.info\/web\/wp-json\/wp\/v2\/media?parent=40"}],"curies":[{"name":"wp","href":"https:\/\/api.w.org\/{rel}","templated":true}]}}