{"id":4101,"date":"2019-02-05T20:05:11","date_gmt":"2019-02-05T19:05:11","guid":{"rendered":"http:\/\/www.monteagudo.info\/web\/?page_id=4101"},"modified":"2023-09-08T18:47:14","modified_gmt":"2023-09-08T16:47:14","slug":"rutas-senderistas","status":"publish","type":"page","link":"https:\/\/monteagudo.info\/web\/quehacer\/rutas-senderistas\/","title":{"rendered":"Rutas senderistas"},"content":{"rendered":"<p><a href=\"https:\/\/monteagudo.info\/web\/wp-content\/uploads\/2022\/01\/Salida-senderista-en-los-polvorines-recorrido-Carrera-14.jpg\"><img loading=\"lazy\" decoding=\"async\" class=\"aligncenter wp-image-4989 size-large\" src=\"https:\/\/monteagudo.info\/web\/wp-content\/uploads\/2022\/01\/Salida-senderista-en-los-polvorines-recorrido-Carrera-14-e1642878367849-1024x512.jpg\" alt=\"\" width=\"555\" height=\"278\" srcset=\"https:\/\/monteagudo.info\/web\/wp-content\/uploads\/2022\/01\/Salida-senderista-en-los-polvorines-recorrido-Carrera-14-e1642878367849-1024x512.jpg 1024w, https:\/\/monteagudo.info\/web\/wp-content\/uploads\/2022\/01\/Salida-senderista-en-los-polvorines-recorrido-Carrera-14-e1642878367849-300x150.jpg 300w, https:\/\/monteagudo.info\/web\/wp-content\/uploads\/2022\/01\/Salida-senderista-en-los-polvorines-recorrido-Carrera-14-e1642878367849-768x384.jpg 768w, https:\/\/monteagudo.info\/web\/wp-content\/uploads\/2022\/01\/Salida-senderista-en-los-polvorines-recorrido-Carrera-14-e1642878367849-1536x768.jpg 1536w, https:\/\/monteagudo.info\/web\/wp-content\/uploads\/2022\/01\/Salida-senderista-en-los-polvorines-recorrido-Carrera-14-e1642878367849-555x278.jpg 555w, https:\/\/monteagudo.info\/web\/wp-content\/uploads\/2022\/01\/Salida-senderista-en-los-polvorines-recorrido-Carrera-14-e1642878367849.jpg 1920w\" sizes=\"auto, (max-width: 555px) 100vw, 555px\" \/><\/a><\/p>\n<p style=\"text-align: justify;\">Tres rutas senderistas recorren la pedan\u00eda de Monteagudo. Todas son de dificultad baja y ofrecen una excepcional oportunidad para conocer tanto la historia como el entorno de la zona. Ideales para hacerlas corriendo o andando en familia.<\/p>\n<p style=\"text-align: center;\"><strong>Sendero de los Castillos &#8211; PR-MU 37<\/strong><\/p>\n<p style=\"text-align: justify;\">El sendero de los castillos es una ruta circular de unos 6km que recorre los castillos y principales hitos hist\u00f3ricos de Monteagudo. Siguiendo esta ruta pasar\u00e1s de cerca del castillo, el castillejo y Larache, adem\u00e1s de las albercas o fincas de recreo de estos dos \u00faltimos. Tambi\u00e9n podr\u00e1s apreciar el sistema de regad\u00edo tradicional que desde \u00e9poca medieval se viene utilizando para irrigar la huerta.<\/p>\n<p><em>Distancia: 6300 m &#8211; Dificultad: F\u00e1cil &#8211; Recorrido: Circular &#8211; Duraci\u00f3n: 2 horas &#8211; Terreno &#8211; Caminos y senderos<\/em><\/p>\n<p><a href=\"http:\/\/monteagudo.info\/web\/wp-content\/uploads\/2019\/02\/FOLLETO-PRMU37web.pdf\">Descargar folleto<\/a><\/p>\n<p><a href=\"http:\/\/monteagudo.info\/web\/wp-content\/uploads\/2019\/02\/FOLLETO-PRMU37_ENG.pdf\">Download brochure (English)<\/a><\/p>\n<p style=\"text-align: center;\"><strong>Sendero de la Huerta &#8211; SL &#8211; MU 21<\/strong><\/p>\n<p style=\"text-align: justify;\">Este itinerario circular transcurre por la zona oeste de la Huerta de Murcia, en las pedan\u00eda de Monteagudo. A lo largo del recorrido podremos comprender c\u00f3mo funciona el regad\u00edo en la Huerta de Murcia, conocer el nombre de las acequias y azarbes que circulan por la zona, reconocer los tipos de cultivos m\u00e1s frecuentes seg\u00fan la temporada, constatar c\u00f3mo en algunas zonas ha evolucionado el modo de cultivar y acercarte a los valores naturales, culturales y etnogr\u00e1ficos asociados a la Huerta de Murcia.<\/p>\n<p><em>Distancia: 4600 m &#8211; Dificultad: F\u00e1cil &#8211; Recorrido: Circular &#8211; Duraci\u00f3n: 1 hora y media &#8211; Terreno &#8211; Caminos y senderos<\/em><\/p>\n<p><a href=\"http:\/\/monteagudo.info\/web\/wp-content\/uploads\/2019\/02\/Sendero-de-la-Huerta-SL-MU-21.pdf\">Descargar folleto<\/a><\/p>\n<p><a href=\"http:\/\/monteagudo.info\/web\/wp-content\/uploads\/2019\/02\/Sendero-de-la-Huerta-SL-MU-21-ENG.pdf-min.pdf\">Download brochure (English)<\/a><\/p>\n<p style=\"text-align: center;\"><strong>Ruta de la huerta noreste &#8211; PR &#8211; MU 114<\/strong><\/p>\n<p>Este sendero circular recorre varias de las pedan\u00edas de huerta de la zona, con comienzo y final en Monteagudo, se recorre a trav\u00e9s de la huerta y algunas de sus acequias las pedan\u00edas de Monteagudo, El Esparragal, Santa Cruz, Llano de Brujas y Casillas.<\/p>\n<p>El sendero permite conocer el trazado de acequias y azarbes, as\u00ed como elementos patrimoniales y ambientales asociados a nuestro singular entorno.<\/p>\n<p><em>Distancia: 13500 m &#8211; Dificultad: F\u00e1cil &#8211; Recorrido: Circular &#8211; Duraci\u00f3n: 4 horas &#8211; Terreno &#8211; Caminos y senderos<\/em><\/p>\n<p><a href=\"https:\/\/monteagudo.info\/web\/wp-content\/uploads\/2023\/09\/Folleto-PR-MU-114_WEB.pdf\">Folleto PR-MU-114_WEB<\/a><\/p>\n<p style=\"text-align: center;\"><strong>\u00bfTe gustar\u00eda hacerlas de manera did\u00e1ctica?<\/strong><\/p>\n<p style=\"text-align: center;\"><a href=\"http:\/\/monteagudo.info\/web\/wp-content\/uploads\/2018\/04\/rutaguiadamonteagudo-5.jpg\"><img loading=\"lazy\" decoding=\"async\" class=\"aligncenter wp-image-3989 size-large\" src=\"http:\/\/monteagudo.info\/web\/wp-content\/uploads\/2018\/04\/rutaguiadamonteagudo-5-1024x684.jpg\" alt=\"\" width=\"555\" height=\"371\" srcset=\"https:\/\/monteagudo.info\/web\/wp-content\/uploads\/2018\/04\/rutaguiadamonteagudo-5-1024x684.jpg 1024w, https:\/\/monteagudo.info\/web\/wp-content\/uploads\/2018\/04\/rutaguiadamonteagudo-5-300x200.jpg 300w, https:\/\/monteagudo.info\/web\/wp-content\/uploads\/2018\/04\/rutaguiadamonteagudo-5-768x513.jpg 768w, https:\/\/monteagudo.info\/web\/wp-content\/uploads\/2018\/04\/rutaguiadamonteagudo-5.jpg 1920w\" sizes=\"auto, (max-width: 555px) 100vw, 555px\" \/><\/a><\/p>\n<p style=\"text-align: justify;\">Regularmente, desde la Junta Municipal ofrecemos ambas rutas para ser realizadas de una manera m\u00e1s did\u00e1ctica, realizando el recorrido con paradas de interpretaci\u00f3n en los puntos m\u00e1s importantes.<\/p>\n<p style=\"text-align: center;\"><a href=\"https:\/\/monteagudo.info\/web\/quehacer\/rutareylobo\/\">M\u00e1s informaci\u00f3n aqu\u00ed<\/a><\/p>\n","protected":false},"excerpt":{"rendered":"<\/p>\n<p style=\"text-align: justify;\">Tres rutas senderistas recorren la pedan\u00eda de Monteagudo. Todas son de dificultad baja y ofrecen una excepcional oportunidad para conocer tanto la historia como el entorno de la zona. Ideales para hacerlas corriendo o andando en familia.<\/p>\n<p style=\"text-align: center;\">Sendero de los Castillos &#8211; PR-MU 37<\/p>\n<p style=\"text-align: justify;\">El sendero de los &hellip; <\/p>\n<p><a class=\"more-link btn\" href=\"https:\/\/monteagudo.info\/web\/quehacer\/rutas-senderistas\/\">Seguir leyendo<\/a><\/p>\n","protected":false},"author":2,"featured_media":0,"parent":2136,"menu_order":0,"comment_status":"closed","ping_status":"closed","template":"","meta":{"footnotes":""},"class_list":["post-4101","page","type-page","status-publish","hentry","nodate","item-wrap"],"jetpack_sharing_enabled":true,"_links":{"self":[{"href":"https:\/\/monteagudo.info\/web\/wp-json\/wp\/v2\/pages\/4101","targetHints":{"allow":["GET"]}}],"collection":[{"href":"https:\/\/monteagudo.info\/web\/wp-json\/wp\/v2\/pages"}],"about":[{"href":"https:\/\/monteagudo.info\/web\/wp-json\/wp\/v2\/types\/page"}],"author":[{"embeddable":true,"href":"https:\/\/monteagudo.info\/web\/wp-json\/wp\/v2\/users\/2"}],"replies":[{"embeddable":true,"href":"https:\/\/monteagudo.info\/web\/wp-json\/wp\/v2\/comments?post=4101"}],"version-history":[{"count":25,"href":"https:\/\/monteagudo.info\/web\/wp-json\/wp\/v2\/pages\/4101\/revisions"}],"predecessor-version":[{"id":5528,"href":"https:\/\/monteagudo.info\/web\/wp-json\/wp\/v2\/pages\/4101\/revisions\/5528"}],"up":[{"embeddable":true,"href":"https:\/\/monteagudo.info\/web\/wp-json\/wp\/v2\/pages\/2136"}],"wp:attachment":[{"href":"https:\/\/monteagudo.info\/web\/wp-json\/wp\/v2\/media?parent=4101"}],"curies":[{"name":"wp","href":"https:\/\/api.w.org\/{rel}","templated":true}]}}