{"id":4806,"date":"2021-08-23T21:23:04","date_gmt":"2021-08-23T19:23:04","guid":{"rendered":"http:\/\/www.monteagudo.info\/web\/?page_id=4806"},"modified":"2022-07-19T10:48:34","modified_gmt":"2022-07-19T08:48:34","slug":"cronologiafortalezas","status":"publish","type":"page","link":"https:\/\/monteagudo.info\/web\/secciones\/cronologiafortalezas\/","title":{"rendered":"Fortalezas del Rey Lobo &#8211; Cronolog\u00eda"},"content":{"rendered":"<p>12\/06\/13 &#8211; Apertura del Centro de visitantes<\/p>\n<div class=\"embed-container\">\n<blockquote class=\"wp-embedded-content\" data-secret=\"JgjHzljbwc\"><p><a href=\"https:\/\/monteagudo.info\/web\/apertura-del-centro-de-visitantes-de-monteagudo\/\">Apertura del Centro de Visitantes de Monteagudo<\/a><\/p><\/blockquote>\n<p><iframe loading=\"lazy\" class=\"wp-embedded-content\" sandbox=\"allow-scripts\" security=\"restricted\" style=\"position: absolute; visibility: hidden;\" title=\"\u00abApertura del Centro de Visitantes de Monteagudo\u00bb \u2014 Monteagudo, Murcia.\" src=\"https:\/\/monteagudo.info\/web\/apertura-del-centro-de-visitantes-de-monteagudo\/embed\/#?secret=7oYthMcVRr#?secret=JgjHzljbwc\" data-secret=\"JgjHzljbwc\" width=\"555\" height=\"313\" frameborder=\"0\" marginwidth=\"0\" marginheight=\"0\" scrolling=\"no\"><\/iframe><\/div>\n<p>&nbsp;<\/p>\n<p>10\/16 &#8211; CASTILLO.\u00a0Salida a concurso la redacci\u00f3n del plan director del Castillo<\/p>\n<div class=\"embed-container\">\n<blockquote class=\"wp-embedded-content\" data-secret=\"z93rJUNEA4\"><p><a href=\"http:\/\/www.asesorarq.es\/concurso-urbanismo-redaccion-plan-director-castillo-de-monteagudo-murcia\/\">Concurso Redacci\u00f3n Plan Director Castillo de Monteagudo MURCIA<\/a><\/p><\/blockquote>\n<p><iframe loading=\"lazy\" class=\"wp-embedded-content\" sandbox=\"allow-scripts\" security=\"restricted\" style=\"position: absolute; visibility: hidden;\" title=\"&#8220;Concurso Redacci\u00f3n Plan Director Castillo de Monteagudo MURCIA&#8221; &#8212; Asesorarq | Asesoramiento T\u00e9cnico Profesional | Arquitectura\" src=\"http:\/\/www.asesorarq.es\/concurso-urbanismo-redaccion-plan-director-castillo-de-monteagudo-murcia\/embed\/#?secret=z93rJUNEA4\" data-secret=\"z93rJUNEA4\" width=\"555\" height=\"313\" frameborder=\"0\" marginwidth=\"0\" marginheight=\"0\" scrolling=\"no\"><\/iframe><\/div>\n<p>2017 &#8211; CASTILLO.\u00a0Redacci\u00f3n del Plan Director del Castillo de Monteagudo<\/p>\n<p>03\/18 &#8211; CASTILLO.\u00a0Publicaci\u00f3n del Plan Director del Castillo de Monteagudo<\/p>\n<p>https:\/\/www.senado.es\/web\/expedientappendixblobservlet?legis=12&#038;id1=110850&#038;id2=1<\/p>\n<p>09\/03\/18 &#8211; Estado, Comunidad y Ayto acuerdan actuar de manera conjunta en Monteagudo<\/p>\n<div class=\"embed-container\">\n<blockquote class=\"wp-embedded-content\" data-secret=\"Z88hR6MB7S\"><p><a href=\"https:\/\/monteagudo.info\/web\/comunidad-ministerio-y-ayuntamiento-acuerdan-actuar-de-forma-conjunta-en-el-castillo-de-monteagudo-y-su-entorno\/\">Comunidad, Ministerio y Ayuntamiento acuerdan actuar de forma conjunta en el Castillo de Monteagudo y su entorno<\/a><\/p><\/blockquote>\n<p><iframe loading=\"lazy\" class=\"wp-embedded-content\" sandbox=\"allow-scripts\" security=\"restricted\" style=\"position: absolute; visibility: hidden;\" title=\"\u00abComunidad, Ministerio y Ayuntamiento acuerdan actuar de forma conjunta en el Castillo de Monteagudo y su entorno\u00bb \u2014 Monteagudo, Murcia.\" src=\"https:\/\/monteagudo.info\/web\/comunidad-ministerio-y-ayuntamiento-acuerdan-actuar-de-forma-conjunta-en-el-castillo-de-monteagudo-y-su-entorno\/embed\/#?secret=KbeDwsRIWd#?secret=Z88hR6MB7S\" data-secret=\"Z88hR6MB7S\" width=\"555\" height=\"313\" frameborder=\"0\" marginwidth=\"0\" marginheight=\"0\" scrolling=\"no\"><\/iframe><\/div>\n<p>23\/05\/18 &#8211; CASTILLO.\u00a0Presentaci\u00f3n del Plan Director del Castillo de Monteagudo<\/p>\n<p><span class=\"embed-youtube\" style=\"text-align:center; display: block;\"><iframe loading=\"lazy\" class=\"youtube-player\" width=\"555\" height=\"313\" src=\"https:\/\/www.youtube.com\/embed\/9wtVgOV9Uj8?version=3&#038;rel=1&#038;showsearch=0&#038;showinfo=1&#038;iv_load_policy=1&#038;fs=1&#038;hl=es-ES&#038;autohide=2&#038;wmode=transparent\" allowfullscreen=\"true\" style=\"border:0;\" sandbox=\"allow-scripts allow-same-origin allow-popups allow-presentation allow-popups-to-escape-sandbox\"><\/iframe><\/span><\/p>\n<p>22\/08\/18 &#8211; Inicio de la 1\u00aa campa\u00f1a de excavaci\u00f3n en la finca del \u00abCastillejo\u00bb (FEDER)<\/p>\n<div class=\"embed-container\">\n<blockquote class=\"wp-embedded-content\" data-secret=\"m80xIVwFy7\"><p><a href=\"https:\/\/monteagudo.info\/web\/iniciada-la-excavacion-arqueologica-en-la-finca-del-castillejo\/\">Iniciada la excavaci\u00f3n arqueol\u00f3gica en la finca del \u00abCastillejo\u00bb<\/a><\/p><\/blockquote>\n<p><iframe loading=\"lazy\" class=\"wp-embedded-content\" sandbox=\"allow-scripts\" security=\"restricted\" style=\"position: absolute; visibility: hidden;\" title=\"\u00abIniciada la excavaci\u00f3n arqueol\u00f3gica en la finca del \u00abCastillejo\u00bb\u00bb \u2014 Monteagudo, Murcia.\" src=\"https:\/\/monteagudo.info\/web\/iniciada-la-excavacion-arqueologica-en-la-finca-del-castillejo\/embed\/#?secret=HBSQfR1d5n#?secret=m80xIVwFy7\" data-secret=\"m80xIVwFy7\" width=\"555\" height=\"313\" frameborder=\"0\" marginwidth=\"0\" marginheight=\"0\" scrolling=\"no\"><\/iframe><\/div>\n<p>25\/10\/18 -CASTILLO. \u00a0Aprobaci\u00f3n en el Pleno del Ayto del proceso de expropiaci\u00f3n de los terrenos de la ladera<\/p>\n<div class=\"embed-container\">\n<blockquote class=\"wp-embedded-content\" data-secret=\"8fIkz0avQA\"><p><a href=\"https:\/\/monteagudo.info\/web\/adquisicionladeracastillo\/\">El Pleno del Ayuntamiento da luz verde a la adquisici\u00f3n de la ladera del Castillo de Monteagudo<\/a><\/p><\/blockquote>\n<p><iframe loading=\"lazy\" class=\"wp-embedded-content\" sandbox=\"allow-scripts\" security=\"restricted\" style=\"position: absolute; visibility: hidden;\" title=\"\u00abEl Pleno del Ayuntamiento da luz verde a la adquisici\u00f3n de la ladera del Castillo de Monteagudo\u00bb \u2014 Monteagudo, Murcia.\" src=\"https:\/\/monteagudo.info\/web\/adquisicionladeracastillo\/embed\/#?secret=BTjKAL9qav#?secret=8fIkz0avQA\" data-secret=\"8fIkz0avQA\" width=\"555\" height=\"313\" frameborder=\"0\" marginwidth=\"0\" marginheight=\"0\" scrolling=\"no\"><\/iframe><\/div>\n<p>08\/02\/19 &#8211; FORTALEZAS. Presentaci\u00f3n del parque arqueol\u00f3gico \u00abLas Fortalezas del Rey Lobo\u00bb<\/p>\n<div class=\"embed-container\">\n<blockquote class=\"wp-embedded-content\" data-secret=\"pIq7iQgnre\"><p><a href=\"https:\/\/monteagudo.info\/web\/presentadoproyectofortalezas\/\">Presentado el proyecto del Parque Arqueol\u00f3gico de Monteagudo: \u00abLas Fortalezas del Rey Lobo\u00bb<\/a><\/p><\/blockquote>\n<p><iframe loading=\"lazy\" class=\"wp-embedded-content\" sandbox=\"allow-scripts\" security=\"restricted\" style=\"position: absolute; visibility: hidden;\" title=\"\u00abPresentado el proyecto del Parque Arqueol\u00f3gico de Monteagudo: \u00abLas Fortalezas del Rey Lobo\u00bb\u00bb \u2014 Monteagudo, Murcia.\" src=\"https:\/\/monteagudo.info\/web\/presentadoproyectofortalezas\/embed\/#?secret=HquSazSLiR#?secret=pIq7iQgnre\" data-secret=\"pIq7iQgnre\" width=\"555\" height=\"313\" frameborder=\"0\" marginwidth=\"0\" marginheight=\"0\" scrolling=\"no\"><\/iframe><\/div>\n<p>11\/07\/19 &#8211; CASTILLEJO. Culmina la adquisici\u00f3n del \u00abCastillejo\u00bb y otras parcelas por el Ayto<\/p>\n<div class=\"embed-container\">\n<blockquote class=\"wp-embedded-content\" data-secret=\"bafitEdY3X\"><p><a href=\"https:\/\/monteagudo.info\/web\/ayuntamientoadquierecastillejo\/\">Culmina el proceso de adquisici\u00f3n del \u00abCastillejo\u00bb<\/a><\/p><\/blockquote>\n<p><iframe loading=\"lazy\" class=\"wp-embedded-content\" sandbox=\"allow-scripts\" security=\"restricted\" style=\"position: absolute; visibility: hidden;\" title=\"\u00abCulmina el proceso de adquisici\u00f3n del \u00abCastillejo\u00bb\u00bb \u2014 Monteagudo, Murcia.\" src=\"https:\/\/monteagudo.info\/web\/ayuntamientoadquierecastillejo\/embed\/#?secret=QnRdEBL5Uo#?secret=bafitEdY3X\" data-secret=\"bafitEdY3X\" width=\"555\" height=\"313\" frameborder=\"0\" marginwidth=\"0\" marginheight=\"0\" scrolling=\"no\"><\/iframe><\/div>\n<p>08\/19 &#8211; CASTILLO. Adjudicaci\u00f3n del la direcci\u00f3n de obra de la primera fase de la restauraci\u00f3n del castillo<\/p>\n<p>09\/19 &#8211; 2\u00aa Campa\u00f1a de excavaci\u00f3n arqueol\u00f3gica en la finca del \u00abCastillejo\u00bb (subvenci\u00f3n CARM)<\/p>\n<div class=\"embed-container\">\n<blockquote class=\"wp-embedded-content\" data-secret=\"H6IelSFQfF\"><p><a href=\"https:\/\/monteagudo.info\/web\/2campanaexcavacionarqueologicacastillejo\/\">2\u00aa Campa\u00f1a de excavaci\u00f3n arqueol\u00f3gica en la finca del \u00abCastillejo\u00bb<\/a><\/p><\/blockquote>\n<p><iframe loading=\"lazy\" class=\"wp-embedded-content\" sandbox=\"allow-scripts\" security=\"restricted\" style=\"position: absolute; visibility: hidden;\" title=\"\u00ab2\u00aa Campa\u00f1a de excavaci\u00f3n arqueol\u00f3gica en la finca del \u00abCastillejo\u00bb\u00bb \u2014 Monteagudo, Murcia.\" src=\"https:\/\/monteagudo.info\/web\/2campanaexcavacionarqueologicacastillejo\/embed\/#?secret=sqooTUJAQm#?secret=H6IelSFQfF\" data-secret=\"H6IelSFQfF\" width=\"555\" height=\"313\" frameborder=\"0\" marginwidth=\"0\" marginheight=\"0\" scrolling=\"no\"><\/iframe><\/div>\n<p>09\/19 &#8211; Ciclo de conferencias \u00abEn torno al \u00abCastillejo de Monteagudo\u00bb<\/p>\n<div class=\"embed-container\">\n<blockquote class=\"wp-embedded-content\" data-secret=\"WYmKP08jVE\"><p><a href=\"https:\/\/monteagudo.info\/web\/ciclo-de-conferencias-en-torno-al-castillejo-de-monteagudo-palacios-huertas-y-jardines-medievales\/\">Ciclo de conferencias : \u00abEn torno al Castillejo de Monteagudo. Palacios, huertas y jardines medievales\u00bb<\/a><\/p><\/blockquote>\n<p><iframe loading=\"lazy\" class=\"wp-embedded-content\" sandbox=\"allow-scripts\" security=\"restricted\" style=\"position: absolute; visibility: hidden;\" title=\"\u00abCiclo de conferencias : \u00abEn torno al Castillejo de Monteagudo. Palacios, huertas y jardines medievales\u00bb\u00bb \u2014 Monteagudo, Murcia.\" src=\"https:\/\/monteagudo.info\/web\/ciclo-de-conferencias-en-torno-al-castillejo-de-monteagudo-palacios-huertas-y-jardines-medievales\/embed\/#?secret=ZJHqmMyXJW#?secret=WYmKP08jVE\" data-secret=\"WYmKP08jVE\" width=\"555\" height=\"313\" frameborder=\"0\" marginwidth=\"0\" marginheight=\"0\" scrolling=\"no\"><\/iframe><\/div>\n<p>https:\/\/www.laverdad.es\/murcia\/ciudad-murcia\/equipo-expertos-locales-20190704002737-ntvo.html<\/p>\n<p>03\/20 &#8211; CASTILLO. El Ayto adquiere 60.000 m2 aleda\u00f1os al castillo<\/p>\n<div class=\"embed-container\">\n<blockquote class=\"wp-embedded-content\" data-secret=\"GYNLsfP8oW\"><p><a href=\"https:\/\/monteagudo.info\/web\/el-ayuntamiento-de-murcia-adquiere-60000-metros-aledanos-del-castillo-de-monteagudo\/\">El Ayuntamiento de Murcia adquiere 60000 m2 aleda\u00f1os del Castillo de Monteagudo<\/a><\/p><\/blockquote>\n<p><iframe loading=\"lazy\" class=\"wp-embedded-content\" sandbox=\"allow-scripts\" security=\"restricted\" style=\"position: absolute; visibility: hidden;\" title=\"\u00abEl Ayuntamiento de Murcia adquiere 60000 m2 aleda\u00f1os del Castillo de Monteagudo\u00bb \u2014 Monteagudo, Murcia.\" src=\"https:\/\/monteagudo.info\/web\/el-ayuntamiento-de-murcia-adquiere-60000-metros-aledanos-del-castillo-de-monteagudo\/embed\/#?secret=qZqwEXLlYe#?secret=GYNLsfP8oW\" data-secret=\"GYNLsfP8oW\" width=\"555\" height=\"313\" frameborder=\"0\" marginwidth=\"0\" marginheight=\"0\" scrolling=\"no\"><\/iframe><\/div>\n<p>04\/20 &#8211; CASTILLEJO. El Ayto presenta el anteproyecto de restauraci\u00f3n del recinto inferior del \u00abCastillejo\u00bb a la convocatoria del 1.5% cultural del Ministerio de Fomento.<\/p>\n<p>06\/20 &#8211; Aprobado en Junta de Gobierno del Ayto el proyecto de recuperaci\u00f3n de los restos romanos del centro de visitantes<\/p>\n<div class=\"embed-container\">\n<blockquote class=\"wp-embedded-content\" data-secret=\"rxqeCReXFd\"><p><a href=\"https:\/\/monteagudo.info\/web\/aprobada-la-restauracion-y-musealizacion-de-los-restos-romanos-del-centro-de-visitantes\/\">Aprobada la restauraci\u00f3n y musealizaci\u00f3n de los restos romanos del centro de visitantes<\/a><\/p><\/blockquote>\n<p><iframe loading=\"lazy\" class=\"wp-embedded-content\" sandbox=\"allow-scripts\" security=\"restricted\" style=\"position: absolute; visibility: hidden;\" title=\"\u00abAprobada la restauraci\u00f3n y musealizaci\u00f3n de los restos romanos del centro de visitantes\u00bb \u2014 Monteagudo, Murcia.\" src=\"https:\/\/monteagudo.info\/web\/aprobada-la-restauracion-y-musealizacion-de-los-restos-romanos-del-centro-de-visitantes\/embed\/#?secret=WLHjeKvBaT#?secret=rxqeCReXFd\" data-secret=\"rxqeCReXFd\" width=\"555\" height=\"313\" frameborder=\"0\" marginwidth=\"0\" marginheight=\"0\" scrolling=\"no\"><\/iframe><\/div>\n<p>06\/20 &#8211; CASTILLO. Aprobado el proyecto de adquisici\u00f3n de los terrenos de la ladera del castillo por el Pleno del Ayto<\/p>\n<div class=\"embed-container\">\n<blockquote class=\"wp-embedded-content\" data-secret=\"PHnNv0GLX4\"><p><a href=\"https:\/\/monteagudo.info\/web\/aprobadalaadquisicionterrenosladeracastillo\/\">Aprobada la adquisici\u00f3n de los terrenos de la ladera del Castillo<\/a><\/p><\/blockquote>\n<p><iframe loading=\"lazy\" class=\"wp-embedded-content\" sandbox=\"allow-scripts\" security=\"restricted\" style=\"position: absolute; visibility: hidden;\" title=\"\u00abAprobada la adquisici\u00f3n de los terrenos de la ladera del Castillo\u00bb \u2014 Monteagudo, Murcia.\" src=\"https:\/\/monteagudo.info\/web\/aprobadalaadquisicionterrenosladeracastillo\/embed\/#?secret=GaNWfXM3aW#?secret=PHnNv0GLX4\" data-secret=\"PHnNv0GLX4\" width=\"555\" height=\"313\" frameborder=\"0\" marginwidth=\"0\" marginheight=\"0\" scrolling=\"no\"><\/iframe><\/div>\n<p>09\/20 &#8211; Ejecuci\u00f3n de los trabajos de recuperaci\u00f3n de la columna romana<\/p>\n<div class=\"embed-container\">\n<blockquote class=\"wp-embedded-content\" data-secret=\"rEzGvfFjvl\"><p><a href=\"https:\/\/monteagudo.info\/web\/comienzan-los-trabajos-para-la-recuperacion-de-la-columna-romana-hallada-en-monteagudo\/\">Comienzan los trabajos para la recuperaci\u00f3n de la columna romana hallada en Monteagudo<\/a><\/p><\/blockquote>\n<p><iframe loading=\"lazy\" class=\"wp-embedded-content\" sandbox=\"allow-scripts\" security=\"restricted\" style=\"position: absolute; visibility: hidden;\" title=\"\u00abComienzan los trabajos para la recuperaci\u00f3n de la columna romana hallada en Monteagudo\u00bb \u2014 Monteagudo, Murcia.\" src=\"https:\/\/monteagudo.info\/web\/comienzan-los-trabajos-para-la-recuperacion-de-la-columna-romana-hallada-en-monteagudo\/embed\/#?secret=viw4D2rOss#?secret=rEzGvfFjvl\" data-secret=\"rEzGvfFjvl\" width=\"555\" height=\"313\" frameborder=\"0\" marginwidth=\"0\" marginheight=\"0\" scrolling=\"no\"><\/iframe><\/div>\n<p>10\/20 &#8211; \u00a0Adjudicaci\u00f3n musealizaci\u00f3n restos romanos del centro de visitantes<\/p>\n<div class=\"embed-container\">\n<blockquote class=\"wp-embedded-content\" data-secret=\"FysT1CtncQ\"><p><a href=\"https:\/\/monteagudo.info\/web\/aytomusealizarestosromanos\/\">El Ayuntamiento de Murcia musealizar\u00e1 los restos romanos del Centro de Visitantes<\/a><\/p><\/blockquote>\n<p><iframe loading=\"lazy\" class=\"wp-embedded-content\" sandbox=\"allow-scripts\" security=\"restricted\" style=\"position: absolute; visibility: hidden;\" title=\"\u00abEl Ayuntamiento de Murcia musealizar\u00e1 los restos romanos del Centro de Visitantes\u00bb \u2014 Monteagudo, Murcia.\" src=\"https:\/\/monteagudo.info\/web\/aytomusealizarestosromanos\/embed\/#?secret=CZ8xoHqXhz#?secret=FysT1CtncQ\" data-secret=\"FysT1CtncQ\" width=\"555\" height=\"313\" frameborder=\"0\" marginwidth=\"0\" marginheight=\"0\" scrolling=\"no\"><\/iframe><\/div>\n<p>12\/21 &#8211; CASTILLEJO. Concesi\u00f3n del 1.5%\u00a0 para el proyecto de restauraci\u00f3n del \u00abCastillejo\u00bb<\/p>\n<div class=\"embed-container\">\n<blockquote class=\"wp-embedded-content\" data-secret=\"L1lE1OxFek\"><p><a href=\"https:\/\/monteagudo.info\/web\/las-fortalezas-del-rey-lobo-logran-el-reconocimiento-estatal-consiguiendo-la-financiacion-del-1-5-para-el-proyecto-de-restauracion-del-castillejo\/\">\u2018Las Fortalezas del Rey Lobo\u2019 logran el reconocimiento estatal consiguiendo la financiaci\u00f3n del 1.5% para el proyecto de restauraci\u00f3n del \u2018Castillejo\u2019<\/a><\/p><\/blockquote>\n<p><iframe loading=\"lazy\" class=\"wp-embedded-content\" sandbox=\"allow-scripts\" security=\"restricted\" style=\"position: absolute; visibility: hidden;\" title=\"\u00ab\u2018Las Fortalezas del Rey Lobo\u2019 logran el reconocimiento estatal consiguiendo la financiaci\u00f3n del 1.5% para el proyecto de restauraci\u00f3n del \u2018Castillejo\u2019\u00bb \u2014 Monteagudo, Murcia.\" src=\"https:\/\/monteagudo.info\/web\/las-fortalezas-del-rey-lobo-logran-el-reconocimiento-estatal-consiguiendo-la-financiacion-del-1-5-para-el-proyecto-de-restauracion-del-castillejo\/embed\/#?secret=dP4rd7Ze1b#?secret=L1lE1OxFek\" data-secret=\"L1lE1OxFek\" width=\"555\" height=\"313\" frameborder=\"0\" marginwidth=\"0\" marginheight=\"0\" scrolling=\"no\"><\/iframe><\/div>\n<p>25\/02\/21 &#8211; CASTILLO. Adquisici\u00f3n de 60.000 m2 de terrenos de la ladera del castillo por parte del Ayto.<\/p>\n<div class=\"embed-container\">\n<blockquote class=\"wp-embedded-content\" data-secret=\"9rgRBlN4xA\"><p><a href=\"https:\/\/monteagudo.info\/web\/el-ayuntamiento-de-murcia-obtiene-mas-de-60-000-metros-cuadrados-en-la-ladera-del-castillo-de-monteagudo\/\">El Ayuntamiento de Murcia obtiene m\u00e1s de 60.000 metros cuadrados en la ladera del Castillo de Monteagudo<\/a><\/p><\/blockquote>\n<p><iframe loading=\"lazy\" class=\"wp-embedded-content\" sandbox=\"allow-scripts\" security=\"restricted\" style=\"position: absolute; visibility: hidden;\" title=\"\u00abEl Ayuntamiento de Murcia obtiene m\u00e1s de 60.000 metros cuadrados en la ladera del Castillo de Monteagudo\u00bb \u2014 Monteagudo, Murcia.\" src=\"https:\/\/monteagudo.info\/web\/el-ayuntamiento-de-murcia-obtiene-mas-de-60-000-metros-cuadrados-en-la-ladera-del-castillo-de-monteagudo\/embed\/#?secret=SS8R9PLQCs#?secret=9rgRBlN4xA\" data-secret=\"9rgRBlN4xA\" width=\"555\" height=\"313\" frameborder=\"0\" marginwidth=\"0\" marginheight=\"0\" scrolling=\"no\"><\/iframe><\/div>\n<p>04\/21 &#8211; CASTILLO. Abierta licitaci\u00f3n para la ejecuci\u00f3n de la primera fase del plan director<\/p>\n<div class=\"embed-container\">\n<blockquote class=\"wp-embedded-content\" data-secret=\"efN7tO6FzO\"><p><a href=\"https:\/\/monteagudo.info\/web\/sale-a-licitacion-la-primera-fase-de-recuperacion-del-castillo-de-monteagudo\/\">Sale a licitaci\u00f3n la primera fase de recuperaci\u00f3n del Castillo de Monteagudo<\/a><\/p><\/blockquote>\n<p><iframe loading=\"lazy\" class=\"wp-embedded-content\" sandbox=\"allow-scripts\" security=\"restricted\" style=\"position: absolute; visibility: hidden;\" title=\"\u00abSale a licitaci\u00f3n la primera fase de recuperaci\u00f3n del Castillo de Monteagudo\u00bb \u2014 Monteagudo, Murcia.\" src=\"https:\/\/monteagudo.info\/web\/sale-a-licitacion-la-primera-fase-de-recuperacion-del-castillo-de-monteagudo\/embed\/#?secret=6jxal1TNFu#?secret=efN7tO6FzO\" data-secret=\"efN7tO6FzO\" width=\"555\" height=\"313\" frameborder=\"0\" marginwidth=\"0\" marginheight=\"0\" scrolling=\"no\"><\/iframe><\/div>\n<p>21-08-21 &#8211; CASTILLO. Adjudicaci\u00f3n de la ejecuci\u00f3n de la primera fase de la rehabilitaci\u00f3n del castillo<\/p>\n<div class=\"embed-container\">\n<blockquote class=\"wp-embedded-content\" data-secret=\"YoZ8gGkBQv\"><p><a href=\"https:\/\/monteagudo.info\/web\/adjudicada-la-primera-fase-de-la-rehabilitacion-del-castillo-de-monteagudo\/\">Adjudicada la primera fase de la rehabilitaci\u00f3n del Castillo de Monteagudo<\/a><\/p><\/blockquote>\n<p><iframe loading=\"lazy\" class=\"wp-embedded-content\" sandbox=\"allow-scripts\" security=\"restricted\" style=\"position: absolute; visibility: hidden;\" title=\"\u00abAdjudicada la primera fase de la rehabilitaci\u00f3n del Castillo de Monteagudo\u00bb \u2014 Monteagudo, Murcia.\" src=\"https:\/\/monteagudo.info\/web\/adjudicada-la-primera-fase-de-la-rehabilitacion-del-castillo-de-monteagudo\/embed\/#?secret=AoAvrW2eAI#?secret=YoZ8gGkBQv\" data-secret=\"YoZ8gGkBQv\" width=\"555\" height=\"313\" frameborder=\"0\" marginwidth=\"0\" marginheight=\"0\" scrolling=\"no\"><\/iframe><\/div>\n<p>20\/09\/21 &#8211; Terminada la recuperaci\u00f3n de la calzada romana<\/p>\n<p><a href=\"https:\/\/murciaplaza.com\/el-pasado-romano-de-monteagudo-sale-a-luz\">https:\/\/murciaplaza.com\/el-pasado-romano-de-monteagudo-sale-a-luz<\/a><\/p>\n<p>4-11-21. CASTILLO. Comienzan las obras de acondicionamiento de los accesos al castillo de Monteagudo<\/p>\n<p><a href=\"https:\/\/murciaplaza.com\/llega-la-hora-del-castillo-de-monteagudo-las-obras-que-mejoraran-el-acceso-empiezan-el-lunes\">https:\/\/murciaplaza.com\/llega-la-hora-del-castillo-de-monteagudo-las-obras-que-mejoraran-el-acceso-empiezan-el-lunes<\/a><\/p>\n<p>03-22. CASTILLO. Comienza la Fase A de rehabilitaci\u00f3n del Castillo.<\/p>\n<p><a href=\"https:\/\/www.laverdad.es\/murcia\/ciudad-murcia\/castillo-monteagudo-blinda-20220317171148-nt.html\">https:\/\/www.laverdad.es\/murcia\/ciudad-murcia\/castillo-monteagudo-blinda-20220317171148-nt.html<\/a><\/p>\n","protected":false},"excerpt":{"rendered":"<p>12\/06\/13 &#8211; Apertura del Centro de visitantes<\/p>\n<p>Apertura del Centro de Visitantes de Monteagudo<\/p>\n<\/p>\n<p>&nbsp;<\/p>\n<p>10\/16 &#8211; CASTILLO.\u00a0Salida a concurso la redacci\u00f3n del plan director del Castillo<\/p>\n<p>Concurso Redacci\u00f3n Plan Director Castillo de Monteagudo MURCIA<\/p>\n<\/p>\n<p>2017 &#8211; CASTILLO.\u00a0Redacci\u00f3n del Plan Director del Castillo de Monteagudo<\/p>\n<p>03\/18 &#8211; CASTILLO.\u00a0Publicaci\u00f3n del Plan Director del Castillo &hellip; <\/p>\n<p><a class=\"more-link btn\" href=\"https:\/\/monteagudo.info\/web\/secciones\/cronologiafortalezas\/\">Seguir leyendo<\/a><\/p>\n","protected":false},"author":2,"featured_media":0,"parent":57,"menu_order":0,"comment_status":"closed","ping_status":"closed","template":"","meta":{"footnotes":""},"class_list":["post-4806","page","type-page","status-publish","hentry","nodate","item-wrap"],"jetpack_sharing_enabled":true,"_links":{"self":[{"href":"https:\/\/monteagudo.info\/web\/wp-json\/wp\/v2\/pages\/4806","targetHints":{"allow":["GET"]}}],"collection":[{"href":"https:\/\/monteagudo.info\/web\/wp-json\/wp\/v2\/pages"}],"about":[{"href":"https:\/\/monteagudo.info\/web\/wp-json\/wp\/v2\/types\/page"}],"author":[{"embeddable":true,"href":"https:\/\/monteagudo.info\/web\/wp-json\/wp\/v2\/users\/2"}],"replies":[{"embeddable":true,"href":"https:\/\/monteagudo.info\/web\/wp-json\/wp\/v2\/comments?post=4806"}],"version-history":[{"count":9,"href":"https:\/\/monteagudo.info\/web\/wp-json\/wp\/v2\/pages\/4806\/revisions"}],"predecessor-version":[{"id":5206,"href":"https:\/\/monteagudo.info\/web\/wp-json\/wp\/v2\/pages\/4806\/revisions\/5206"}],"up":[{"embeddable":true,"href":"https:\/\/monteagudo.info\/web\/wp-json\/wp\/v2\/pages\/57"}],"wp:attachment":[{"href":"https:\/\/monteagudo.info\/web\/wp-json\/wp\/v2\/media?parent=4806"}],"curies":[{"name":"wp","href":"https:\/\/api.w.org\/{rel}","templated":true}]}}