{"id":4890,"date":"2021-12-21T10:38:45","date_gmt":"2021-12-21T09:38:45","guid":{"rendered":"http:\/\/www.monteagudo.info\/web\/eventos\/"},"modified":"2022-06-28T22:51:40","modified_gmt":"2022-06-28T20:51:40","slug":"eventos","status":"publish","type":"page","link":"https:\/\/monteagudo.info\/web\/quehacer\/eventos\/","title":{"rendered":"Actividades y Eventos"},"content":{"rendered":"<p><a href=\"https:\/\/monteagudo.info\/web\/wp-content\/uploads\/2018\/04\/rutaguiadamonteagudo-3.jpg\"><img loading=\"lazy\" decoding=\"async\" class=\"aligncenter wp-image-3990 size-large\" src=\"https:\/\/monteagudo.info\/web\/wp-content\/uploads\/2018\/04\/rutaguiadamonteagudo-3-e1640109720760-1024x488.jpg\" alt=\"\" width=\"555\" height=\"264\" srcset=\"https:\/\/monteagudo.info\/web\/wp-content\/uploads\/2018\/04\/rutaguiadamonteagudo-3-e1640109720760-1024x488.jpg 1024w, https:\/\/monteagudo.info\/web\/wp-content\/uploads\/2018\/04\/rutaguiadamonteagudo-3-e1640109720760-300x143.jpg 300w, https:\/\/monteagudo.info\/web\/wp-content\/uploads\/2018\/04\/rutaguiadamonteagudo-3-e1640109720760-768x366.jpg 768w, https:\/\/monteagudo.info\/web\/wp-content\/uploads\/2018\/04\/rutaguiadamonteagudo-3-e1640109720760-555x265.jpg 555w, https:\/\/monteagudo.info\/web\/wp-content\/uploads\/2018\/04\/rutaguiadamonteagudo-3-e1640109720760.jpg 1053w\" sizes=\"auto, (max-width: 555px) 100vw, 555px\" \/><\/a><\/p>\n<p style=\"text-align: justify;\">Esta es la p\u00e1gina de actividades y eventos que promueve la Junta Municipal de Monteagudo. A continuaci\u00f3n puedes ver el listado de eventos programados. Puedes ampliar informaci\u00f3n haciendo clic sobre ellos y reservar plazas cuando sean limitadas.<\/p>\n<p>CONTENTS<\/p>\n","protected":false},"excerpt":{"rendered":"<p>CONTENTS<\/p><p><a class=\"more-link btn\" href=\"https:\/\/monteagudo.info\/web\/quehacer\/eventos\/\">Seguir leyendo<\/a><\/p>\n","protected":false},"author":2,"featured_media":0,"parent":2136,"menu_order":0,"comment_status":"closed","ping_status":"open","template":"","meta":{"footnotes":""},"class_list":["post-4890","page","type-page","status-publish","hentry","nodate","item-wrap"],"jetpack_sharing_enabled":true,"_links":{"self":[{"href":"https:\/\/monteagudo.info\/web\/wp-json\/wp\/v2\/pages\/4890","targetHints":{"allow":["GET"]}}],"collection":[{"href":"https:\/\/monteagudo.info\/web\/wp-json\/wp\/v2\/pages"}],"about":[{"href":"https:\/\/monteagudo.info\/web\/wp-json\/wp\/v2\/types\/page"}],"author":[{"embeddable":true,"href":"https:\/\/monteagudo.info\/web\/wp-json\/wp\/v2\/users\/2"}],"replies":[{"embeddable":true,"href":"https:\/\/monteagudo.info\/web\/wp-json\/wp\/v2\/comments?post=4890"}],"version-history":[{"count":12,"href":"https:\/\/monteagudo.info\/web\/wp-json\/wp\/v2\/pages\/4890\/revisions"}],"predecessor-version":[{"id":5202,"href":"https:\/\/monteagudo.info\/web\/wp-json\/wp\/v2\/pages\/4890\/revisions\/5202"}],"up":[{"embeddable":true,"href":"https:\/\/monteagudo.info\/web\/wp-json\/wp\/v2\/pages\/2136"}],"wp:attachment":[{"href":"https:\/\/monteagudo.info\/web\/wp-json\/wp\/v2\/media?parent=4890"}],"curies":[{"name":"wp","href":"https:\/\/api.w.org\/{rel}","templated":true}]}}