{"id":494,"date":"2012-05-29T14:53:01","date_gmt":"2012-05-29T12:53:01","guid":{"rendered":"http:\/\/www.monteagudo.info\/web\/?page_id=494"},"modified":"2013-03-24T18:08:29","modified_gmt":"2013-03-24T17:08:29","slug":"asociacion-valorsport","status":"publish","type":"page","link":"https:\/\/monteagudo.info\/web\/asociaciones\/asociacion-valorsport\/","title":{"rendered":"Valorsport"},"content":{"rendered":"<h3><a href=\"http:\/\/valorsportpresentacion.blogspot.com.es\/2011\/09\/quienes-somos.html\">\u00bfQUIENES SOMOS?<\/a><\/h3>\n<div>\u00a0<\/div>\n<div id=\"post-body-5406245259360157787\">\n<div>La Asociaci\u00f3n Sin \u00c1nimo de Lucro de Promoci\u00f3n y Recreaci\u00f3n Deportiva Valorsport naci\u00f3 de la innovaci\u00f3n en el entrenamiento f\u00edsico, de tres alumnos de Ciencias de la Actividad F\u00edsica y del Deporte. Tras\u00a0 probar un sinf\u00edn de formas de entrenamiento, decidimos volver a los or\u00edgenes del deporte, a una forma natural, global, algo que llegase a las ra\u00edces de la preparaci\u00f3n f\u00edsica, as\u00ed naci\u00f3 nuestro GLOBAL TRAINING.<\/div>\n<div>\u00a0<\/div>\n<div>Decidimos que con nuestra experiencia en el mundo del Deporte, deb\u00edamos de solucionar los problemas e injusticias con los que nos habiamos encontrado durante a\u00f1os, trabajando porque los Licenciados en Ciencias de la Actividad F\u00edsica y del Deporte, y los aficionados al Deporte en General, tuviesen unos servicios de Calidad, a un precio m\u00ednimo.\u00a0<\/div>\n<div>\u00a0<\/div>\n<div>Por ello, esperamos poder ayudarte en lo que necesites en el mundo del deporte. ValorSport, el Valor del Deporte.<\/div>\n<div>\u00a0<\/div>\n<div>La Directiva de la Asociaci\u00f3n esta formada por:<\/div>\n<div>\u00a0<\/div>\n<div><strong>\u00c1ngel Jes\u00fas Mart\u00ednez L\u00f3pez<\/strong><\/div>\n<div>Licenciado en Ciencias de la Actividad F\u00edsica y del Deporte.<\/div>\n<div>Especialista en Marketing del Deporte.<\/div>\n<div>M\u00e1ster en Gesti\u00f3n y Direcci\u00f3n de Entidades Deportivas.<\/div>\n<div>Entrenador Personal por la ENECMF.<\/div>\n<div>\u00a0<\/div>\n<div><strong>Javier Alonso Serrano<\/strong><\/div>\n<div>Licenciado en Ciencias de la Actividad F\u00edsica y del Deporte.<\/div>\n<div>Especialista en Entrenamiento Personal.<\/div>\n<div>M\u00e1ster en Gesti\u00f3n y Direcci\u00f3n de Entidades Deportivas.<\/div>\n<div>Entrenador Personal por la ENECMF<\/div>\n<div>\u00a0<\/div>\n<div><strong>Manuel Pedrero Huete <\/strong><\/div>\n<div>Licenciatura en Administraci\u00f3n y Direcci\u00f3n de Empresas.<\/div>\n<div>Especialista en Gesti\u00f3n Econ\u00f3mica.<\/div>\n<div>\u00a0<\/div>\n<div><strong>Jos\u00e9 Alberto Mart\u00ednez Reina.<\/strong><\/div>\n<div>Licenciado en Ciencias de la Actividad F\u00edsica y del Deporte.<\/div>\n<div>Diplomado en Magisterio del Deporte.<\/div>\n<div>Especialista en Educaci\u00f3n y Global Training.<\/div>\n<div>M\u00e1ster en Gesti\u00f3n y Direcci\u00f3n de Entidades Deportivas.<\/div>\n<div>\u00a0<\/div>\n<div><strong>Manuel Plaza Santiago.<\/strong><\/div>\n<div>Diplomado en Enfermer\u00eda.<\/div>\n<div>Especialista en Salud y Seguridad.<\/div>\n<div>Responsable Protecci\u00f3n Civil Murcia.<\/div>\n<\/div>\n","protected":false},"excerpt":{"rendered":"<p>\u00bfQUIENES SOMOS? \u00a0 La Asociaci\u00f3n Sin \u00c1nimo de Lucro de Promoci\u00f3n y Recreaci\u00f3n Deportiva Valorsport naci\u00f3 de la innovaci\u00f3n en el entrenamiento f\u00edsico, de tres alumnos de Ciencias de la Actividad F\u00edsica y del Deporte. Tras\u00a0 probar un sinf\u00edn de formas de entrenamiento, decidimos volver a los or\u00edgenes del deporte, a una forma natural, global, &hellip; <\/p>\n<p><a class=\"more-link btn\" href=\"https:\/\/monteagudo.info\/web\/asociaciones\/asociacion-valorsport\/\">Seguir leyendo<\/a><\/p>\n","protected":false},"author":7,"featured_media":0,"parent":404,"menu_order":7,"comment_status":"open","ping_status":"closed","template":"","meta":{"footnotes":""},"class_list":["post-494","page","type-page","status-publish","hentry","nodate","item-wrap"],"jetpack_sharing_enabled":true,"_links":{"self":[{"href":"https:\/\/monteagudo.info\/web\/wp-json\/wp\/v2\/pages\/494","targetHints":{"allow":["GET"]}}],"collection":[{"href":"https:\/\/monteagudo.info\/web\/wp-json\/wp\/v2\/pages"}],"about":[{"href":"https:\/\/monteagudo.info\/web\/wp-json\/wp\/v2\/types\/page"}],"author":[{"embeddable":true,"href":"https:\/\/monteagudo.info\/web\/wp-json\/wp\/v2\/users\/7"}],"replies":[{"embeddable":true,"href":"https:\/\/monteagudo.info\/web\/wp-json\/wp\/v2\/comments?post=494"}],"version-history":[{"count":10,"href":"https:\/\/monteagudo.info\/web\/wp-json\/wp\/v2\/pages\/494\/revisions"}],"predecessor-version":[{"id":869,"href":"https:\/\/monteagudo.info\/web\/wp-json\/wp\/v2\/pages\/494\/revisions\/869"}],"up":[{"embeddable":true,"href":"https:\/\/monteagudo.info\/web\/wp-json\/wp\/v2\/pages\/404"}],"wp:attachment":[{"href":"https:\/\/monteagudo.info\/web\/wp-json\/wp\/v2\/media?parent=494"}],"curies":[{"name":"wp","href":"https:\/\/api.w.org\/{rel}","templated":true}]}}