{"id":5311,"date":"2022-12-12T09:37:42","date_gmt":"2022-12-12T08:37:42","guid":{"rendered":"http:\/\/www.monteagudo.info\/web\/?page_id=5311"},"modified":"2022-12-12T14:37:14","modified_gmt":"2022-12-12T13:37:14","slug":"ruta-didactica-la-huerta-medieval-de-monteagudo","status":"publish","type":"page","link":"https:\/\/monteagudo.info\/web\/quehacer\/ruta-didactica-la-huerta-medieval-de-monteagudo\/","title":{"rendered":"Ruta did\u00e1ctica \u00abLa Huerta medieval de Monteagudo\u00bb"},"content":{"rendered":"<p style=\"text-align: center;\"><a href=\"https:\/\/monteagudo.info\/web\/wp-content\/uploads\/2022\/04\/Castillo-Monteagudo-3.jpg\"><img loading=\"lazy\" decoding=\"async\" class=\"aligncenter wp-image-5076 size-large\" src=\"https:\/\/monteagudo.info\/web\/wp-content\/uploads\/2022\/04\/Castillo-Monteagudo-3-e1651765678125-1024x519.jpg\" alt=\"\" width=\"555\" height=\"281\" srcset=\"https:\/\/monteagudo.info\/web\/wp-content\/uploads\/2022\/04\/Castillo-Monteagudo-3-e1651765678125-1024x519.jpg 1024w, https:\/\/monteagudo.info\/web\/wp-content\/uploads\/2022\/04\/Castillo-Monteagudo-3-e1651765678125-300x152.jpg 300w, https:\/\/monteagudo.info\/web\/wp-content\/uploads\/2022\/04\/Castillo-Monteagudo-3-e1651765678125-768x390.jpg 768w, https:\/\/monteagudo.info\/web\/wp-content\/uploads\/2022\/04\/Castillo-Monteagudo-3-e1651765678125-1536x779.jpg 1536w, https:\/\/monteagudo.info\/web\/wp-content\/uploads\/2022\/04\/Castillo-Monteagudo-3-e1651765678125-555x282.jpg 555w, https:\/\/monteagudo.info\/web\/wp-content\/uploads\/2022\/04\/Castillo-Monteagudo-3-e1651765678125.jpg 1920w\" sizes=\"auto, (max-width: 555px) 100vw, 555px\" \/><\/a><\/p>\n<p style=\"text-align: justify;\">Ruta senderista de por la huerta de Monteagudo y La Cueva con paradas de interpretaci\u00f3n en las que se ahondar\u00e1 en el origen y funcionamiento del intrincado sistema de irrigaci\u00f3n de la huerta de Murcia; una milenaria y precisa obra de ingenier\u00eda que transform\u00f3 el paisaje y forma de vida de nuestros antepasados.<\/p>\n<p style=\"text-align: justify;\">Visitaremos dos de los parajes m\u00e1s singulares de esta zona de la huerta; la antigua <strong>cantera de La Cueva y la Fuente de San Jos\u00e9<\/strong>, emblemas de la identidad de esta peque\u00f1a poblaci\u00f3n, testigos de un estilo de vida tradicional y envueltos en un innegable misticismo.<\/p>\n<p><a href=\"https:\/\/monteagudo.info\/web\/wp-content\/uploads\/2022\/05\/Cantera-La-Cueva-Drone-11.jpg\"><img loading=\"lazy\" decoding=\"async\" class=\"aligncenter size-large wp-image-5093\" src=\"https:\/\/monteagudo.info\/web\/wp-content\/uploads\/2022\/05\/Cantera-La-Cueva-Drone-11-1024x578.jpg\" alt=\"\" width=\"555\" height=\"313\" srcset=\"https:\/\/monteagudo.info\/web\/wp-content\/uploads\/2022\/05\/Cantera-La-Cueva-Drone-11-1024x578.jpg 1024w, https:\/\/monteagudo.info\/web\/wp-content\/uploads\/2022\/05\/Cantera-La-Cueva-Drone-11-300x169.jpg 300w, https:\/\/monteagudo.info\/web\/wp-content\/uploads\/2022\/05\/Cantera-La-Cueva-Drone-11-768x434.jpg 768w, https:\/\/monteagudo.info\/web\/wp-content\/uploads\/2022\/05\/Cantera-La-Cueva-Drone-11-1536x867.jpg 1536w, https:\/\/monteagudo.info\/web\/wp-content\/uploads\/2022\/05\/Cantera-La-Cueva-Drone-11-555x313.jpg 555w, https:\/\/monteagudo.info\/web\/wp-content\/uploads\/2022\/05\/Cantera-La-Cueva-Drone-11.jpg 1920w\" sizes=\"auto, (max-width: 555px) 100vw, 555px\" \/><\/a><\/p>\n<p style=\"text-align: justify;\">Este itinerario circular de 3km transcurre por la zona oeste de la Huerta de Murcia, en la pedan\u00eda de Monteagudo. A lo largo del recorrido podremos comprender c\u00f3mo funciona el regad\u00edo en la Huerta de Murcia, conocer el nombre de las acequias y azarbes que circulan por la zona, reconocer los tipos de cultivos m\u00e1s frecuentes seg\u00fan la temporada, constatar c\u00f3mo en algunas zonas ha evolucionado el modo de cultivar y acercarte a los valores naturales, culturales y etnogr\u00e1ficos asociados a la Huerta de Murcia.<\/p>\n<p style=\"text-align: center;\"><strong>PR\u00d3XIMAS FECHAS E INSCRIPCI\u00d3N<\/strong><\/p>\n<p style=\"text-align: center;\">[events_list tag=\u00bb178&#8243;]<\/p>\n<p><em>Puede suscribirse en nuestra lista de correo y recibir\u00e1 un email cuando haya nuevas fechas de esta y otras actividades.<\/em><\/p>\n<div class=\"tnp tnp-subscription \">\n<form method=\"post\" action=\"https:\/\/monteagudo.info\/web\/wp-admin\/admin-ajax.php?action=tnp&amp;na=s\">\n<input type=\"hidden\" name=\"nlang\" value=\"\">\n<div class=\"tnp-field tnp-field-email\"><label for=\"tnp-1\">E-mail<\/label>\n<input class=\"tnp-email\" type=\"email\" name=\"ne\" id=\"tnp-1\" value=\"\" placeholder=\"\" required><\/div>\n<div class=\"tnp-field tnp-privacy-field\"><label><input type=\"checkbox\" name=\"ny\" required class=\"tnp-privacy\"> Consiento al tratamiento de mis datos de car\u00e1cter personal. <\/label><\/div><div class=\"tnp-field tnp-field-button\" style=\"text-align: left\"><input class=\"tnp-submit\" type=\"submit\" value=\"Enviar\" style=\"\">\n<\/div>\n<\/form>\n<\/div>\n\n","protected":false},"excerpt":{"rendered":"<p style=\"text-align: center;\">\n<p style=\"text-align: justify;\">Ruta senderista de por la huerta de Monteagudo y La Cueva con paradas de interpretaci\u00f3n en las que se ahondar\u00e1 en el origen y funcionamiento del intrincado sistema de irrigaci\u00f3n de la huerta de Murcia; una milenaria y precisa obra de ingenier\u00eda que transform\u00f3 el paisaje y forma de vida &hellip; <\/p>\n<p><a class=\"more-link btn\" href=\"https:\/\/monteagudo.info\/web\/quehacer\/ruta-didactica-la-huerta-medieval-de-monteagudo\/\">Seguir leyendo<\/a><\/p>\n","protected":false},"author":2,"featured_media":0,"parent":2136,"menu_order":0,"comment_status":"open","ping_status":"open","template":"","meta":{"footnotes":""},"class_list":["post-5311","page","type-page","status-publish","hentry","nodate","item-wrap"],"jetpack_sharing_enabled":true,"_links":{"self":[{"href":"https:\/\/monteagudo.info\/web\/wp-json\/wp\/v2\/pages\/5311","targetHints":{"allow":["GET"]}}],"collection":[{"href":"https:\/\/monteagudo.info\/web\/wp-json\/wp\/v2\/pages"}],"about":[{"href":"https:\/\/monteagudo.info\/web\/wp-json\/wp\/v2\/types\/page"}],"author":[{"embeddable":true,"href":"https:\/\/monteagudo.info\/web\/wp-json\/wp\/v2\/users\/2"}],"replies":[{"embeddable":true,"href":"https:\/\/monteagudo.info\/web\/wp-json\/wp\/v2\/comments?post=5311"}],"version-history":[{"count":7,"href":"https:\/\/monteagudo.info\/web\/wp-json\/wp\/v2\/pages\/5311\/revisions"}],"predecessor-version":[{"id":5318,"href":"https:\/\/monteagudo.info\/web\/wp-json\/wp\/v2\/pages\/5311\/revisions\/5318"}],"up":[{"embeddable":true,"href":"https:\/\/monteagudo.info\/web\/wp-json\/wp\/v2\/pages\/2136"}],"wp:attachment":[{"href":"https:\/\/monteagudo.info\/web\/wp-json\/wp\/v2\/media?parent=5311"}],"curies":[{"name":"wp","href":"https:\/\/api.w.org\/{rel}","templated":true}]}}