{"id":5379,"date":"2023-03-28T13:22:10","date_gmt":"2023-03-28T11:22:10","guid":{"rendered":"http:\/\/www.monteagudo.info\/web\/?page_id=5379"},"modified":"2023-03-28T13:47:40","modified_gmt":"2023-03-28T11:47:40","slug":"constructores-del-paraiso","status":"publish","type":"page","link":"https:\/\/monteagudo.info\/web\/quehacer\/constructores-del-paraiso\/","title":{"rendered":"Constructores del para\u00edso. Actividad infantil"},"content":{"rendered":"<p><img loading=\"lazy\" decoding=\"async\" class=\"wp-image-5381 size-large aligncenter\" src=\"https:\/\/monteagudo.info\/web\/wp-content\/uploads\/2023\/03\/Constructores-del-paraiso-2023-1-1024x444.jpg\" alt=\"\" width=\"555\" height=\"241\" srcset=\"https:\/\/monteagudo.info\/web\/wp-content\/uploads\/2023\/03\/Constructores-del-paraiso-2023-1-1024x444.jpg 1024w, https:\/\/monteagudo.info\/web\/wp-content\/uploads\/2023\/03\/Constructores-del-paraiso-2023-1-300x130.jpg 300w, https:\/\/monteagudo.info\/web\/wp-content\/uploads\/2023\/03\/Constructores-del-paraiso-2023-1-768x333.jpg 768w, https:\/\/monteagudo.info\/web\/wp-content\/uploads\/2023\/03\/Constructores-del-paraiso-2023-1-1536x666.jpg 1536w, https:\/\/monteagudo.info\/web\/wp-content\/uploads\/2023\/03\/Constructores-del-paraiso-2023-1-555x241.jpg 555w, https:\/\/monteagudo.info\/web\/wp-content\/uploads\/2023\/03\/Constructores-del-paraiso-2023-1.jpg 1920w\" sizes=\"auto, (max-width: 555px) 100vw, 555px\" \/><\/p>\n<p>Ibn Mardanis persegu\u00eda un sue\u00f1o: disfrutar el para\u00edso en la tierra. Tras conquistar todo el Levante peninsular y pacificar el norte con los reinos cristianos, necesitaba afianzar su poder. Para ello deb\u00eda construir un espacio que simbolizara su fortaleza, un lugar que maravillara a los que lo contemplaran, fueran invitados o gente de paso, un lugar que hablara por s\u00ed solo y que como un reguero de p\u00f3lvora propagara su grandeza.<\/p>\n<p>Monteagudo fue el lugar elegido para construir este espacio donde escenificar su poder. El palacio de Ibn Saad, sus jardines y pabellones deb\u00edan ser lo m\u00e1s grande nunca visto. Pero para ello precisaba un peque\u00f1o ej\u00e9rcito de profesionales; escultores, pintores, alarifes, agr\u00f3nomos, poetas, m\u00fasicos, alfareros&#8230;Ellos fueron los constructores del para\u00edso.<\/p>\n<p><img loading=\"lazy\" decoding=\"async\" class=\"size-large wp-image-5384 aligncenter\" src=\"https:\/\/monteagudo.info\/web\/wp-content\/uploads\/2023\/03\/Constructores-del-paraiso-2023-6-1024x425.jpg\" alt=\"\" width=\"555\" height=\"230\" srcset=\"https:\/\/monteagudo.info\/web\/wp-content\/uploads\/2023\/03\/Constructores-del-paraiso-2023-6-1024x425.jpg 1024w, https:\/\/monteagudo.info\/web\/wp-content\/uploads\/2023\/03\/Constructores-del-paraiso-2023-6-300x124.jpg 300w, https:\/\/monteagudo.info\/web\/wp-content\/uploads\/2023\/03\/Constructores-del-paraiso-2023-6-768x318.jpg 768w, https:\/\/monteagudo.info\/web\/wp-content\/uploads\/2023\/03\/Constructores-del-paraiso-2023-6-1536x637.jpg 1536w, https:\/\/monteagudo.info\/web\/wp-content\/uploads\/2023\/03\/Constructores-del-paraiso-2023-6-555x230.jpg 555w, https:\/\/monteagudo.info\/web\/wp-content\/uploads\/2023\/03\/Constructores-del-paraiso-2023-6.jpg 1920w\" sizes=\"auto, (max-width: 555px) 100vw, 555px\" \/><\/p>\n<h4>Talleres infantiles con teatralizaci\u00f3n<\/h4>\n<p>Los visitantes son recibidos por el visir real que les acompa\u00f1a dentro del campamento. Ah\u00ed est\u00e1n dispuestos los constructores (pintor, arquitecto, militar&#8230;). Ellos explicar\u00e1n quienes son, qu\u00e9 oficio desempe\u00f1an y como se realizaba en la edad media. Despu\u00e9s los ni\u00f1os trabajan los oficios representados en las mesas.<\/p>\n<p>Los participantes van pasando de un puesto a otro aprendiendo sobre los diferentes oficios medievales. Una vez hecho el recorrido, son recibidos en audiencia por el emir en su jaima. Conversan con \u00e9l y le muestran sus trabajos. Si son dignos, son nombrados constructores del para\u00edso.<\/p>\n<p style=\"text-align: center;\"><em>Esta es una iniciativa de la Junta Municipal de Monteagudo.<\/em><\/p>\n<p style=\"text-align: center;\"><span style=\"color: #800000;\"><strong>CARTEL DE LA 1\u00aa EDICI\u00d3N<\/strong><\/span><\/p>\n<p style=\"text-align: center;\"><img loading=\"lazy\" decoding=\"async\" class=\"alignnone wp-image-5372 size-large\" src=\"https:\/\/monteagudo.info\/web\/wp-content\/uploads\/2023\/03\/Felicidad-y-prosperidad-constructores-2023-3-1024x600.jpg\" alt=\"\" width=\"555\" height=\"325\" srcset=\"https:\/\/monteagudo.info\/web\/wp-content\/uploads\/2023\/03\/Felicidad-y-prosperidad-constructores-2023-3-1024x600.jpg 1024w, https:\/\/monteagudo.info\/web\/wp-content\/uploads\/2023\/03\/Felicidad-y-prosperidad-constructores-2023-3-300x176.jpg 300w, https:\/\/monteagudo.info\/web\/wp-content\/uploads\/2023\/03\/Felicidad-y-prosperidad-constructores-2023-3-768x450.jpg 768w, https:\/\/monteagudo.info\/web\/wp-content\/uploads\/2023\/03\/Felicidad-y-prosperidad-constructores-2023-3-1536x900.jpg 1536w, https:\/\/monteagudo.info\/web\/wp-content\/uploads\/2023\/03\/Felicidad-y-prosperidad-constructores-2023-3-555x325.jpg 555w, https:\/\/monteagudo.info\/web\/wp-content\/uploads\/2023\/03\/Felicidad-y-prosperidad-constructores-2023-3.jpg 1920w\" sizes=\"auto, (max-width: 555px) 100vw, 555px\" \/><\/p>\n<p style=\"text-align: left;\"><em>Puede suscribirse en nuestra lista de correo y recibir\u00e1 un email cuando haya nuevas fechas de esta y otras actividades.<\/em><\/p>\n<div class=\"tnp tnp-subscription \">\n<form method=\"post\" action=\"https:\/\/monteagudo.info\/web\/wp-admin\/admin-ajax.php?action=tnp&amp;na=s\">\n<input type=\"hidden\" name=\"nlang\" value=\"\">\n<div class=\"tnp-field tnp-field-email\"><label for=\"tnp-1\">E-mail<\/label>\n<input class=\"tnp-email\" type=\"email\" name=\"ne\" id=\"tnp-1\" value=\"\" placeholder=\"\" required><\/div>\n<div class=\"tnp-field tnp-privacy-field\"><label><input type=\"checkbox\" name=\"ny\" required class=\"tnp-privacy\"> Consiento al tratamiento de mis datos de car\u00e1cter personal. <\/label><\/div><div class=\"tnp-field tnp-field-button\" style=\"text-align: left\"><input class=\"tnp-submit\" type=\"submit\" value=\"Enviar\" style=\"\">\n<\/div>\n<\/form>\n<\/div>\n\n","protected":false},"excerpt":{"rendered":"<\/p>\n<p>Ibn Mardanis persegu\u00eda un sue\u00f1o: disfrutar el para\u00edso en la tierra. Tras conquistar todo el Levante peninsular y pacificar el norte con los reinos cristianos, necesitaba afianzar su poder. Para ello deb\u00eda construir un espacio que simbolizara su fortaleza, un lugar que maravillara a los que lo contemplaran, fueran invitados o gente de paso, &hellip; <\/p>\n<p><a class=\"more-link btn\" href=\"https:\/\/monteagudo.info\/web\/quehacer\/constructores-del-paraiso\/\">Seguir leyendo<\/a><\/p>\n","protected":false},"author":2,"featured_media":0,"parent":2136,"menu_order":0,"comment_status":"open","ping_status":"open","template":"","meta":{"footnotes":""},"class_list":["post-5379","page","type-page","status-publish","hentry","nodate","item-wrap"],"jetpack_sharing_enabled":true,"_links":{"self":[{"href":"https:\/\/monteagudo.info\/web\/wp-json\/wp\/v2\/pages\/5379","targetHints":{"allow":["GET"]}}],"collection":[{"href":"https:\/\/monteagudo.info\/web\/wp-json\/wp\/v2\/pages"}],"about":[{"href":"https:\/\/monteagudo.info\/web\/wp-json\/wp\/v2\/types\/page"}],"author":[{"embeddable":true,"href":"https:\/\/monteagudo.info\/web\/wp-json\/wp\/v2\/users\/2"}],"replies":[{"embeddable":true,"href":"https:\/\/monteagudo.info\/web\/wp-json\/wp\/v2\/comments?post=5379"}],"version-history":[{"count":5,"href":"https:\/\/monteagudo.info\/web\/wp-json\/wp\/v2\/pages\/5379\/revisions"}],"predecessor-version":[{"id":5386,"href":"https:\/\/monteagudo.info\/web\/wp-json\/wp\/v2\/pages\/5379\/revisions\/5386"}],"up":[{"embeddable":true,"href":"https:\/\/monteagudo.info\/web\/wp-json\/wp\/v2\/pages\/2136"}],"wp:attachment":[{"href":"https:\/\/monteagudo.info\/web\/wp-json\/wp\/v2\/media?parent=5379"}],"curies":[{"name":"wp","href":"https:\/\/api.w.org\/{rel}","templated":true}]}}