{"id":5480,"date":"2023-07-19T09:54:37","date_gmt":"2023-07-19T07:54:37","guid":{"rendered":"http:\/\/www.monteagudo.info\/web\/?page_id=5480"},"modified":"2023-07-26T12:36:04","modified_gmt":"2023-07-26T10:36:04","slug":"albergueaccem","status":"publish","type":"page","link":"https:\/\/monteagudo.info\/web\/asociaciones\/albergueaccem\/","title":{"rendered":"Albergue ACCEM"},"content":{"rendered":"<p><img loading=\"lazy\" decoding=\"async\" class=\"size-large wp-image-5482 aligncenter\" src=\"https:\/\/monteagudo.info\/web\/wp-content\/uploads\/2023\/07\/Accem-fachada-1024x589.jpeg\" alt=\"\" width=\"555\" height=\"319\" srcset=\"https:\/\/monteagudo.info\/web\/wp-content\/uploads\/2023\/07\/Accem-fachada-1024x589.jpeg 1024w, https:\/\/monteagudo.info\/web\/wp-content\/uploads\/2023\/07\/Accem-fachada-300x173.jpeg 300w, https:\/\/monteagudo.info\/web\/wp-content\/uploads\/2023\/07\/Accem-fachada-768x442.jpeg 768w, https:\/\/monteagudo.info\/web\/wp-content\/uploads\/2023\/07\/Accem-fachada-1536x883.jpeg 1536w, https:\/\/monteagudo.info\/web\/wp-content\/uploads\/2023\/07\/Accem-fachada-555x319.jpeg 555w, https:\/\/monteagudo.info\/web\/wp-content\/uploads\/2023\/07\/Accem-fachada.jpeg 1600w\" sizes=\"auto, (max-width: 555px) 100vw, 555px\" \/><\/p>\n<p>Este dispositivo de acogida abri\u00f3 sus puertas el 25 de septiembre de 2019, y desde entonces las ha mantenido abiertas para las personas en situaci\u00f3n de vulnerabilidad que nos han necesitado. En total contamos con 50 plazas de acogida.<\/p>\n<p>En sus inicios este dispositivo consiste en un centro de acogida a personas solicitantes de protecci\u00f3n internacional, el 17 de enero de 2022, cambia el perfil de personas atendidas y el espacio se convierte en un Albergue de acogida integral para personas migrantes, atendiendo de manera temporal a personas migrantes o refugiadas, carentes de recursos econ\u00f3micos suficientes y que se encuentran en situaci\u00f3n de exclusi\u00f3n residencial.<\/p>\n<p>Es el \u00fanico dispositivo de este tipo en la Regi\u00f3n de Murcia, donde se acogen unidades familiares completas, incluidos menores de edad.<\/p>\n<p>Desde el Albergue promovemos su desarrollo e inserci\u00f3n social y laboral, as\u00ed como potenciamos sus habilidades sociales.<\/p>\n<p>Adem\u00e1s de la cobertura de las necesidades b\u00e1sicas, tambi\u00e9n ofrecemos atenci\u00f3n t\u00e9cnica social y c\u00edvica en \u00e1mbitos fundamentales como la educaci\u00f3n, sanidad, participaci\u00f3n en la comunidad, acceso a talleres formativos y de alfabetizaci\u00f3n o aprendizaje del idioma, as\u00ed como un programa de mediaci\u00f3n comunitaria y ocio, totalmente adaptados a la persona.<\/p>\n","protected":false},"excerpt":{"rendered":"<\/p>\n<p>Este dispositivo de acogida abri\u00f3 sus puertas el 25 de septiembre de 2019, y desde entonces las ha mantenido abiertas para las personas en situaci\u00f3n de vulnerabilidad que nos han necesitado. En total contamos con 50 plazas de acogida.<\/p>\n<p>En sus inicios este dispositivo consiste en un centro de acogida a personas solicitantes de &hellip; <\/p>\n<p><a class=\"more-link btn\" href=\"https:\/\/monteagudo.info\/web\/asociaciones\/albergueaccem\/\">Seguir leyendo<\/a><\/p>\n","protected":false},"author":2,"featured_media":0,"parent":404,"menu_order":0,"comment_status":"closed","ping_status":"closed","template":"","meta":{"footnotes":""},"class_list":["post-5480","page","type-page","status-publish","hentry","nodate","item-wrap"],"jetpack_sharing_enabled":true,"_links":{"self":[{"href":"https:\/\/monteagudo.info\/web\/wp-json\/wp\/v2\/pages\/5480","targetHints":{"allow":["GET"]}}],"collection":[{"href":"https:\/\/monteagudo.info\/web\/wp-json\/wp\/v2\/pages"}],"about":[{"href":"https:\/\/monteagudo.info\/web\/wp-json\/wp\/v2\/types\/page"}],"author":[{"embeddable":true,"href":"https:\/\/monteagudo.info\/web\/wp-json\/wp\/v2\/users\/2"}],"replies":[{"embeddable":true,"href":"https:\/\/monteagudo.info\/web\/wp-json\/wp\/v2\/comments?post=5480"}],"version-history":[{"count":2,"href":"https:\/\/monteagudo.info\/web\/wp-json\/wp\/v2\/pages\/5480\/revisions"}],"predecessor-version":[{"id":5483,"href":"https:\/\/monteagudo.info\/web\/wp-json\/wp\/v2\/pages\/5480\/revisions\/5483"}],"up":[{"embeddable":true,"href":"https:\/\/monteagudo.info\/web\/wp-json\/wp\/v2\/pages\/404"}],"wp:attachment":[{"href":"https:\/\/monteagudo.info\/web\/wp-json\/wp\/v2\/media?parent=5480"}],"curies":[{"name":"wp","href":"https:\/\/api.w.org\/{rel}","templated":true}]}}